{"id":2327,"date":"2025-01-31T14:44:09","date_gmt":"2025-01-31T14:44:09","guid":{"rendered":"https:\/\/nacinovicnadine.com\/?post_type=product&#038;p=2327"},"modified":"2025-02-04T08:25:29","modified_gmt":"2025-02-04T08:25:29","slug":"les-tournesols-rayonnants-de-decembre","status":"publish","type":"product","link":"https:\/\/nacinovicnadine.com\/en\/product\/les-tournesols-rayonnants-de-decembre\/","title":{"rendered":"Les tournesols rayonnants de D\u00e9cembre"},"content":{"rendered":"<p>J&rsquo;avais une grosse exposition \u00e0 pr\u00e9parer et par hasard j&rsquo;ai vu des repousses dans un champs de tournesols au mois de D\u00e9cembre. Incroyable. Je les ai peints. Ils ont illumin\u00e9 mon hiver.<br \/>\nAcrylique sur toile de lin.<br \/>\nFormat 1M\/1M.<\/p>","protected":false},"excerpt":{"rendered":"<p>J&rsquo;avais une grosse exposition \u00e0 pr\u00e9parer et par hasard j&rsquo;ai vu des repousses dans un champs de tournesols au mois de D\u00e9cembre. Incroyable. Je les ai peints. Ils ont illumin\u00e9 mon hiver.<br \/>\nAcrylique sur toile de lin.<br \/>\nFormat 1M\/1M.<\/p>","protected":false},"featured_media":2243,"comment_status":"open","ping_status":"closed","template":"","meta":{"_kadence_starter_templates_imported_post":false,"_kad_post_transparent":"default","_kad_post_title":"","_kad_post_layout":"default","_kad_post_sidebar_id":"","_kad_post_content_style":"default","_kad_post_vertical_padding":"default","_kad_post_feature":"","_kad_post_feature_position":"","_kad_post_header":false,"_kad_post_footer":false},"product_brand":[],"product_cat":[42],"product_tag":[],"class_list":{"0":"post-2327","1":"product","2":"type-product","3":"status-publish","4":"has-post-thumbnail","6":"product_cat-fleurs","8":"first","9":"instock","10":"shipping-taxable","11":"purchasable","12":"product-type-simple","13":"entry","14":"content-bg","15":"loop-entry"},"_links":{"self":[{"href":"https:\/\/nacinovicnadine.com\/en\/wp-json\/wp\/v2\/product\/2327","targetHints":{"allow":["GET"]}}],"collection":[{"href":"https:\/\/nacinovicnadine.com\/en\/wp-json\/wp\/v2\/product"}],"about":[{"href":"https:\/\/nacinovicnadine.com\/en\/wp-json\/wp\/v2\/types\/product"}],"replies":[{"embeddable":true,"href":"https:\/\/nacinovicnadine.com\/en\/wp-json\/wp\/v2\/comments?post=2327"}],"wp:featuredmedia":[{"embeddable":true,"href":"https:\/\/nacinovicnadine.com\/en\/wp-json\/wp\/v2\/media\/2243"}],"wp:attachment":[{"href":"https:\/\/nacinovicnadine.com\/en\/wp-json\/wp\/v2\/media?parent=2327"}],"wp:term":[{"taxonomy":"product_brand","embeddable":true,"href":"https:\/\/nacinovicnadine.com\/en\/wp-json\/wp\/v2\/product_brand?post=2327"},{"taxonomy":"product_cat","embeddable":true,"href":"https:\/\/nacinovicnadine.com\/en\/wp-json\/wp\/v2\/product_cat?post=2327"},{"taxonomy":"product_tag","embeddable":true,"href":"https:\/\/nacinovicnadine.com\/en\/wp-json\/wp\/v2\/product_tag?post=2327"}],"curies":[{"name":"wp","href":"https:\/\/api.w.org\/{rel}","templated":true}]}}