{"id":2325,"date":"2025-01-31T14:42:59","date_gmt":"2025-01-31T14:42:59","guid":{"rendered":"https:\/\/nacinovicnadine.com\/?post_type=product&#038;p=2325"},"modified":"2025-02-04T08:26:08","modified_gmt":"2025-02-04T08:26:08","slug":"le-cabanon-de-joshuan-le-pecheur","status":"publish","type":"product","link":"https:\/\/nacinovicnadine.com\/en\/product\/le-cabanon-de-joshuan-le-pecheur\/","title":{"rendered":"Le cabanon de Joshuan le p\u00eacheur"},"content":{"rendered":"<p>J&rsquo;ai peint ce tableau dans les cabanes de p\u00eacheurs \u00e0 la pointe courte \u00e0 S\u00e8te. L\u00e0 c&rsquo;est le cabanon de Josuhan.<br \/>\nAcrylique sur toile de lin.<br \/>\nFormat 1M\/1M.<\/p>","protected":false},"excerpt":{"rendered":"<p>J&rsquo;ai peint ce tableau dans les cabanes de p\u00eacheurs \u00e0 la pointe courte \u00e0 S\u00e8te. L\u00e0 c&rsquo;est le cabanon de Josuhan.<br \/>\nAcrylique sur toile de lin.<br \/>\nFormat 1M\/1M.<\/p>","protected":false},"featured_media":2242,"comment_status":"open","ping_status":"closed","template":"","meta":{"_kadence_starter_templates_imported_post":false,"_kad_post_transparent":"default","_kad_post_title":"","_kad_post_layout":"default","_kad_post_sidebar_id":"","_kad_post_content_style":"default","_kad_post_vertical_padding":"default","_kad_post_feature":"","_kad_post_feature_position":"","_kad_post_header":false,"_kad_post_footer":false},"product_brand":[],"product_cat":[39],"product_tag":[],"class_list":{"0":"post-2325","1":"product","2":"type-product","3":"status-publish","4":"has-post-thumbnail","6":"product_cat-paysages","8":"first","9":"instock","10":"shipping-taxable","11":"purchasable","12":"product-type-simple","13":"entry","14":"content-bg","15":"loop-entry"},"_links":{"self":[{"href":"https:\/\/nacinovicnadine.com\/en\/wp-json\/wp\/v2\/product\/2325","targetHints":{"allow":["GET"]}}],"collection":[{"href":"https:\/\/nacinovicnadine.com\/en\/wp-json\/wp\/v2\/product"}],"about":[{"href":"https:\/\/nacinovicnadine.com\/en\/wp-json\/wp\/v2\/types\/product"}],"replies":[{"embeddable":true,"href":"https:\/\/nacinovicnadine.com\/en\/wp-json\/wp\/v2\/comments?post=2325"}],"wp:featuredmedia":[{"embeddable":true,"href":"https:\/\/nacinovicnadine.com\/en\/wp-json\/wp\/v2\/media\/2242"}],"wp:attachment":[{"href":"https:\/\/nacinovicnadine.com\/en\/wp-json\/wp\/v2\/media?parent=2325"}],"wp:term":[{"taxonomy":"product_brand","embeddable":true,"href":"https:\/\/nacinovicnadine.com\/en\/wp-json\/wp\/v2\/product_brand?post=2325"},{"taxonomy":"product_cat","embeddable":true,"href":"https:\/\/nacinovicnadine.com\/en\/wp-json\/wp\/v2\/product_cat?post=2325"},{"taxonomy":"product_tag","embeddable":true,"href":"https:\/\/nacinovicnadine.com\/en\/wp-json\/wp\/v2\/product_tag?post=2325"}],"curies":[{"name":"wp","href":"https:\/\/api.w.org\/{rel}","templated":true}]}}