{"id":2319,"date":"2025-01-31T14:39:46","date_gmt":"2025-01-31T14:39:46","guid":{"rendered":"https:\/\/nacinovicnadine.com\/?post_type=product&#038;p=2319"},"modified":"2025-02-04T08:28:07","modified_gmt":"2025-02-04T08:28:07","slug":"la-queue-du-rat-a-sete","status":"publish","type":"product","link":"https:\/\/nacinovicnadine.com\/en\/product\/la-queue-du-rat-a-sete\/","title":{"rendered":"La queue du Rat \u00e0 S\u00e8te"},"content":{"rendered":"<p>Le cabanon de N\u00e9n\u00e9 \u00e0 la pointe courte \u00e0 S\u00e8te. Lieu d&rsquo;inspiration pour ma peinture.<br \/>\nAcrylique sur toile de lin .<br \/>\nFormat 90CM\/60CM.<\/p>","protected":false},"excerpt":{"rendered":"<p>Le cabanon de N\u00e9n\u00e9 \u00e0 la pointe courte \u00e0 S\u00e8te. Lieu d&rsquo;inspiration pour ma peinture.<br \/>\nAcrylique sur toile de lin .<br \/>\nFormat 90CM\/60CM.<\/p>","protected":false},"featured_media":2239,"comment_status":"open","ping_status":"closed","template":"","meta":{"_kadence_starter_templates_imported_post":false,"_kad_post_transparent":"default","_kad_post_title":"","_kad_post_layout":"default","_kad_post_sidebar_id":"","_kad_post_content_style":"default","_kad_post_vertical_padding":"default","_kad_post_feature":"","_kad_post_feature_position":"","_kad_post_header":false,"_kad_post_footer":false},"product_brand":[],"product_cat":[39],"product_tag":[],"class_list":{"0":"post-2319","1":"product","2":"type-product","3":"status-publish","4":"has-post-thumbnail","6":"product_cat-paysages","8":"first","9":"instock","10":"shipping-taxable","11":"purchasable","12":"product-type-simple","13":"entry","14":"content-bg","15":"loop-entry"},"_links":{"self":[{"href":"https:\/\/nacinovicnadine.com\/en\/wp-json\/wp\/v2\/product\/2319","targetHints":{"allow":["GET"]}}],"collection":[{"href":"https:\/\/nacinovicnadine.com\/en\/wp-json\/wp\/v2\/product"}],"about":[{"href":"https:\/\/nacinovicnadine.com\/en\/wp-json\/wp\/v2\/types\/product"}],"replies":[{"embeddable":true,"href":"https:\/\/nacinovicnadine.com\/en\/wp-json\/wp\/v2\/comments?post=2319"}],"wp:featuredmedia":[{"embeddable":true,"href":"https:\/\/nacinovicnadine.com\/en\/wp-json\/wp\/v2\/media\/2239"}],"wp:attachment":[{"href":"https:\/\/nacinovicnadine.com\/en\/wp-json\/wp\/v2\/media?parent=2319"}],"wp:term":[{"taxonomy":"product_brand","embeddable":true,"href":"https:\/\/nacinovicnadine.com\/en\/wp-json\/wp\/v2\/product_brand?post=2319"},{"taxonomy":"product_cat","embeddable":true,"href":"https:\/\/nacinovicnadine.com\/en\/wp-json\/wp\/v2\/product_cat?post=2319"},{"taxonomy":"product_tag","embeddable":true,"href":"https:\/\/nacinovicnadine.com\/en\/wp-json\/wp\/v2\/product_tag?post=2319"}],"curies":[{"name":"wp","href":"https:\/\/api.w.org\/{rel}","templated":true}]}}