{"id":2317,"date":"2025-01-31T14:38:53","date_gmt":"2025-01-31T14:38:53","guid":{"rendered":"https:\/\/nacinovicnadine.com\/?post_type=product&#038;p=2317"},"modified":"2025-02-04T08:28:43","modified_gmt":"2025-02-04T08:28:43","slug":"le-bouquet-de-mimosa-2","status":"publish","type":"product","link":"https:\/\/nacinovicnadine.com\/en\/product\/le-bouquet-de-mimosa-2\/","title":{"rendered":"Le bouquet de mimosa"},"content":{"rendered":"<p>Le mimosa est la fleur de l&rsquo;hiver et elle correspond \u00e0 mon mois d&rsquo;anniversaire, le soleil l&rsquo;odeur pour r\u00e9chauffer l&rsquo;hiver. Fleur f\u00e9tiche pour moi.<br \/>\nAcrylique sur toile de lin .<br \/>\nFormat 80CM\/60CM.<\/p>","protected":false},"excerpt":{"rendered":"<p>Le mimosa est la fleur de l&rsquo;hiver et elle correspond \u00e0 mon mois d&rsquo;anniversaire, le soleil l&rsquo;odeur pour r\u00e9chauffer l&rsquo;hiver. Fleur f\u00e9tiche pour moi.<br \/>\nAcrylique sur toile de lin .<br \/>\nFormat 80CM\/60CM.<\/p>","protected":false},"featured_media":2238,"comment_status":"open","ping_status":"closed","template":"","meta":{"_kadence_starter_templates_imported_post":false,"_kad_post_transparent":"default","_kad_post_title":"","_kad_post_layout":"default","_kad_post_sidebar_id":"","_kad_post_content_style":"default","_kad_post_vertical_padding":"default","_kad_post_feature":"","_kad_post_feature_position":"","_kad_post_header":false,"_kad_post_footer":false},"product_brand":[],"product_cat":[42],"product_tag":[],"class_list":{"0":"post-2317","1":"product","2":"type-product","3":"status-publish","4":"has-post-thumbnail","6":"product_cat-fleurs","8":"first","9":"instock","10":"shipping-taxable","11":"purchasable","12":"product-type-simple","13":"entry","14":"content-bg","15":"loop-entry"},"_links":{"self":[{"href":"https:\/\/nacinovicnadine.com\/en\/wp-json\/wp\/v2\/product\/2317","targetHints":{"allow":["GET"]}}],"collection":[{"href":"https:\/\/nacinovicnadine.com\/en\/wp-json\/wp\/v2\/product"}],"about":[{"href":"https:\/\/nacinovicnadine.com\/en\/wp-json\/wp\/v2\/types\/product"}],"replies":[{"embeddable":true,"href":"https:\/\/nacinovicnadine.com\/en\/wp-json\/wp\/v2\/comments?post=2317"}],"wp:featuredmedia":[{"embeddable":true,"href":"https:\/\/nacinovicnadine.com\/en\/wp-json\/wp\/v2\/media\/2238"}],"wp:attachment":[{"href":"https:\/\/nacinovicnadine.com\/en\/wp-json\/wp\/v2\/media?parent=2317"}],"wp:term":[{"taxonomy":"product_brand","embeddable":true,"href":"https:\/\/nacinovicnadine.com\/en\/wp-json\/wp\/v2\/product_brand?post=2317"},{"taxonomy":"product_cat","embeddable":true,"href":"https:\/\/nacinovicnadine.com\/en\/wp-json\/wp\/v2\/product_cat?post=2317"},{"taxonomy":"product_tag","embeddable":true,"href":"https:\/\/nacinovicnadine.com\/en\/wp-json\/wp\/v2\/product_tag?post=2317"}],"curies":[{"name":"wp","href":"https:\/\/api.w.org\/{rel}","templated":true}]}}