{"id":2316,"date":"2025-01-31T14:37:54","date_gmt":"2025-01-31T14:37:54","guid":{"rendered":"https:\/\/nacinovicnadine.com\/?post_type=product&#038;p=2316"},"modified":"2025-02-04T08:29:19","modified_gmt":"2025-02-04T08:29:19","slug":"les-pensees-hommage-a-matisse","status":"publish","type":"product","link":"https:\/\/nacinovicnadine.com\/en\/product\/les-pensees-hommage-a-matisse\/","title":{"rendered":"Les pens\u00e9es, hommage \u00e0 Matisse"},"content":{"rendered":"<p>Je pensais aux slaves mes racines Croate \u00e0 l&rsquo;Ukraine aux fr\u00e8res Tchouchkine qui ont achet\u00e9 l&rsquo;art les peintures de nos peintres fran\u00e7ais. C&rsquo;est une peinture d&rsquo;hommage.<br \/>\nAcrylique sur toile de lin.<br \/>\nFormat 80CM\/80CM.<\/p>","protected":false},"excerpt":{"rendered":"<p>Je pensais aux slaves mes racines Croate \u00e0 l&rsquo;Ukraine aux fr\u00e8res Tchouchkine qui ont achet\u00e9 l&rsquo;art les peintures de nos peintres fran\u00e7ais. C&rsquo;est une peinture d&rsquo;hommage.<br \/>\nAcrylique sur toile de lin.<br \/>\nFormat 80CM\/80CM.<\/p>","protected":false},"featured_media":2237,"comment_status":"open","ping_status":"closed","template":"","meta":{"_kadence_starter_templates_imported_post":false,"_kad_post_transparent":"default","_kad_post_title":"","_kad_post_layout":"default","_kad_post_sidebar_id":"","_kad_post_content_style":"default","_kad_post_vertical_padding":"default","_kad_post_feature":"","_kad_post_feature_position":"","_kad_post_header":false,"_kad_post_footer":false},"product_brand":[],"product_cat":[42],"product_tag":[],"class_list":{"0":"post-2316","1":"product","2":"type-product","3":"status-publish","4":"has-post-thumbnail","6":"product_cat-fleurs","8":"first","9":"instock","10":"shipping-taxable","11":"purchasable","12":"product-type-simple","13":"entry","14":"content-bg","15":"loop-entry"},"_links":{"self":[{"href":"https:\/\/nacinovicnadine.com\/en\/wp-json\/wp\/v2\/product\/2316","targetHints":{"allow":["GET"]}}],"collection":[{"href":"https:\/\/nacinovicnadine.com\/en\/wp-json\/wp\/v2\/product"}],"about":[{"href":"https:\/\/nacinovicnadine.com\/en\/wp-json\/wp\/v2\/types\/product"}],"replies":[{"embeddable":true,"href":"https:\/\/nacinovicnadine.com\/en\/wp-json\/wp\/v2\/comments?post=2316"}],"wp:featuredmedia":[{"embeddable":true,"href":"https:\/\/nacinovicnadine.com\/en\/wp-json\/wp\/v2\/media\/2237"}],"wp:attachment":[{"href":"https:\/\/nacinovicnadine.com\/en\/wp-json\/wp\/v2\/media?parent=2316"}],"wp:term":[{"taxonomy":"product_brand","embeddable":true,"href":"https:\/\/nacinovicnadine.com\/en\/wp-json\/wp\/v2\/product_brand?post=2316"},{"taxonomy":"product_cat","embeddable":true,"href":"https:\/\/nacinovicnadine.com\/en\/wp-json\/wp\/v2\/product_cat?post=2316"},{"taxonomy":"product_tag","embeddable":true,"href":"https:\/\/nacinovicnadine.com\/en\/wp-json\/wp\/v2\/product_tag?post=2316"}],"curies":[{"name":"wp","href":"https:\/\/api.w.org\/{rel}","templated":true}]}}