{"id":2314,"date":"2025-01-31T14:36:30","date_gmt":"2025-01-31T14:36:30","guid":{"rendered":"https:\/\/nacinovicnadine.com\/?post_type=product&#038;p=2314"},"modified":"2025-02-04T08:29:47","modified_gmt":"2025-02-04T08:29:47","slug":"la-montee-vers-eyzahut","status":"publish","type":"product","link":"https:\/\/nacinovicnadine.com\/en\/product\/la-montee-vers-eyzahut\/","title":{"rendered":"La mont\u00e9e vers Eyzahut"},"content":{"rendered":"<p>J&rsquo;ai peint cette peinture non loin de mon atelier, j&rsquo;aime ce point de vu avec le d\u00e9but des falaises et ces cypr\u00e8s que j&rsquo;ai peints \u00e0 la lumi\u00e8re du couchant.<br \/>\nAcrylique sur toile de lin.<br \/>\nFormat 1M\/1M.<\/p>","protected":false},"excerpt":{"rendered":"<p>J&rsquo;ai peint cette peinture non loin de mon atelier, j&rsquo;aime ce point de vu avec le d\u00e9but des falaises et ces cypr\u00e8s que j&rsquo;ai peints \u00e0 la lumi\u00e8re du couchant.<br \/>\nAcrylique sur toile de lin.<br \/>\nFormat 1M\/1M.<\/p>","protected":false},"featured_media":2236,"comment_status":"open","ping_status":"closed","template":"","meta":{"_kadence_starter_templates_imported_post":false,"_kad_post_transparent":"default","_kad_post_title":"","_kad_post_layout":"default","_kad_post_sidebar_id":"","_kad_post_content_style":"default","_kad_post_vertical_padding":"default","_kad_post_feature":"","_kad_post_feature_position":"","_kad_post_header":false,"_kad_post_footer":false},"product_brand":[],"product_cat":[38],"product_tag":[],"class_list":{"0":"post-2314","1":"product","2":"type-product","3":"status-publish","4":"has-post-thumbnail","6":"product_cat-non-classe","8":"first","9":"instock","10":"shipping-taxable","11":"purchasable","12":"product-type-simple","13":"entry","14":"content-bg","15":"loop-entry"},"_links":{"self":[{"href":"https:\/\/nacinovicnadine.com\/en\/wp-json\/wp\/v2\/product\/2314","targetHints":{"allow":["GET"]}}],"collection":[{"href":"https:\/\/nacinovicnadine.com\/en\/wp-json\/wp\/v2\/product"}],"about":[{"href":"https:\/\/nacinovicnadine.com\/en\/wp-json\/wp\/v2\/types\/product"}],"replies":[{"embeddable":true,"href":"https:\/\/nacinovicnadine.com\/en\/wp-json\/wp\/v2\/comments?post=2314"}],"wp:featuredmedia":[{"embeddable":true,"href":"https:\/\/nacinovicnadine.com\/en\/wp-json\/wp\/v2\/media\/2236"}],"wp:attachment":[{"href":"https:\/\/nacinovicnadine.com\/en\/wp-json\/wp\/v2\/media?parent=2314"}],"wp:term":[{"taxonomy":"product_brand","embeddable":true,"href":"https:\/\/nacinovicnadine.com\/en\/wp-json\/wp\/v2\/product_brand?post=2314"},{"taxonomy":"product_cat","embeddable":true,"href":"https:\/\/nacinovicnadine.com\/en\/wp-json\/wp\/v2\/product_cat?post=2314"},{"taxonomy":"product_tag","embeddable":true,"href":"https:\/\/nacinovicnadine.com\/en\/wp-json\/wp\/v2\/product_tag?post=2314"}],"curies":[{"name":"wp","href":"https:\/\/api.w.org\/{rel}","templated":true}]}}