{"id":2312,"date":"2025-01-31T14:33:01","date_gmt":"2025-01-31T14:33:01","guid":{"rendered":"https:\/\/nacinovicnadine.com\/?post_type=product&#038;p=2312"},"modified":"2025-02-04T08:17:00","modified_gmt":"2025-02-04T08:17:00","slug":"le-bois-damour","status":"publish","type":"product","link":"https:\/\/nacinovicnadine.com\/en\/product\/le-bois-damour\/","title":{"rendered":"Le bois d&rsquo;Amour"},"content":{"rendered":"<p>Apr\u00e8s avoir \u00e9t\u00e9 en Bretagne \u00e0 Pont Aven et d\u00e9couvert le Bois d&rsquo;Amour j&rsquo;ai eu l&rsquo;inspiration de cette peinture qui m\u00eale la Drome et la Bretagne de Pont Aven.<br \/>\nAcrylique sur toile de lin.<br \/>\nFormat 1M10\/80CM.<\/p>","protected":false},"excerpt":{"rendered":"<p>Apr\u00e8s avoir \u00e9t\u00e9 en Bretagne \u00e0 Pont Aven et d\u00e9couvert le Bois d&rsquo;Amour j&rsquo;ai eu l&rsquo;inspiration de cette peinture qui m\u00eale la Drome et la Bretagne de Pont Aven.<br \/>\nAcrylique sur toile de lin.<br \/>\nFormat 1M10\/80CM.<\/p>","protected":false},"featured_media":2234,"comment_status":"open","ping_status":"closed","template":"","meta":{"_kadence_starter_templates_imported_post":false,"_kad_post_transparent":"default","_kad_post_title":"","_kad_post_layout":"default","_kad_post_sidebar_id":"","_kad_post_content_style":"default","_kad_post_vertical_padding":"default","_kad_post_feature":"","_kad_post_feature_position":"","_kad_post_header":false,"_kad_post_footer":false},"product_brand":[],"product_cat":[39],"product_tag":[],"class_list":{"0":"post-2312","1":"product","2":"type-product","3":"status-publish","4":"has-post-thumbnail","6":"product_cat-paysages","8":"first","9":"instock","10":"shipping-taxable","11":"purchasable","12":"product-type-simple","13":"entry","14":"content-bg","15":"loop-entry"},"_links":{"self":[{"href":"https:\/\/nacinovicnadine.com\/en\/wp-json\/wp\/v2\/product\/2312","targetHints":{"allow":["GET"]}}],"collection":[{"href":"https:\/\/nacinovicnadine.com\/en\/wp-json\/wp\/v2\/product"}],"about":[{"href":"https:\/\/nacinovicnadine.com\/en\/wp-json\/wp\/v2\/types\/product"}],"replies":[{"embeddable":true,"href":"https:\/\/nacinovicnadine.com\/en\/wp-json\/wp\/v2\/comments?post=2312"}],"wp:featuredmedia":[{"embeddable":true,"href":"https:\/\/nacinovicnadine.com\/en\/wp-json\/wp\/v2\/media\/2234"}],"wp:attachment":[{"href":"https:\/\/nacinovicnadine.com\/en\/wp-json\/wp\/v2\/media?parent=2312"}],"wp:term":[{"taxonomy":"product_brand","embeddable":true,"href":"https:\/\/nacinovicnadine.com\/en\/wp-json\/wp\/v2\/product_brand?post=2312"},{"taxonomy":"product_cat","embeddable":true,"href":"https:\/\/nacinovicnadine.com\/en\/wp-json\/wp\/v2\/product_cat?post=2312"},{"taxonomy":"product_tag","embeddable":true,"href":"https:\/\/nacinovicnadine.com\/en\/wp-json\/wp\/v2\/product_tag?post=2312"}],"curies":[{"name":"wp","href":"https:\/\/api.w.org\/{rel}","templated":true}]}}