{"id":2267,"date":"2025-01-28T11:47:11","date_gmt":"2025-01-28T11:47:11","guid":{"rendered":"https:\/\/nacinovicnadine.com\/?post_type=product&#038;p=2267"},"modified":"2025-02-04T09:13:00","modified_gmt":"2025-02-04T09:13:00","slug":"dans-les-champs-vallonnes","status":"publish","type":"product","link":"https:\/\/nacinovicnadine.com\/en\/product\/dans-les-champs-vallonnes\/","title":{"rendered":"Dans les champs vallonn\u00e9s"},"content":{"rendered":"<p>La Dr\u00f4me non loin de mon atelier m&rsquo;\u00e9voque la Toscane, et vous?<br \/>\nAcrylique sur toile de lin.<br \/>\nFormat 1M\/1M.<\/p>","protected":false},"excerpt":{"rendered":"<p>La Dr\u00f4me non loin de mon atelier m&rsquo;\u00e9voque la Toscane, et vous?<br \/>\nAcrylique sur toile de lin.<br \/>\nFormat 1M\/1M.<\/p>","protected":false},"featured_media":2206,"comment_status":"open","ping_status":"closed","template":"","meta":{"_kadence_starter_templates_imported_post":false,"_kad_post_transparent":"default","_kad_post_title":"","_kad_post_layout":"default","_kad_post_sidebar_id":"","_kad_post_content_style":"default","_kad_post_vertical_padding":"default","_kad_post_feature":"","_kad_post_feature_position":"","_kad_post_header":false,"_kad_post_footer":false},"product_brand":[],"product_cat":[39],"product_tag":[],"class_list":{"0":"post-2267","1":"product","2":"type-product","3":"status-publish","4":"has-post-thumbnail","6":"product_cat-paysages","8":"first","9":"instock","10":"shipping-taxable","11":"purchasable","12":"product-type-simple","13":"entry","14":"content-bg","15":"loop-entry"},"_links":{"self":[{"href":"https:\/\/nacinovicnadine.com\/en\/wp-json\/wp\/v2\/product\/2267","targetHints":{"allow":["GET"]}}],"collection":[{"href":"https:\/\/nacinovicnadine.com\/en\/wp-json\/wp\/v2\/product"}],"about":[{"href":"https:\/\/nacinovicnadine.com\/en\/wp-json\/wp\/v2\/types\/product"}],"replies":[{"embeddable":true,"href":"https:\/\/nacinovicnadine.com\/en\/wp-json\/wp\/v2\/comments?post=2267"}],"wp:featuredmedia":[{"embeddable":true,"href":"https:\/\/nacinovicnadine.com\/en\/wp-json\/wp\/v2\/media\/2206"}],"wp:attachment":[{"href":"https:\/\/nacinovicnadine.com\/en\/wp-json\/wp\/v2\/media?parent=2267"}],"wp:term":[{"taxonomy":"product_brand","embeddable":true,"href":"https:\/\/nacinovicnadine.com\/en\/wp-json\/wp\/v2\/product_brand?post=2267"},{"taxonomy":"product_cat","embeddable":true,"href":"https:\/\/nacinovicnadine.com\/en\/wp-json\/wp\/v2\/product_cat?post=2267"},{"taxonomy":"product_tag","embeddable":true,"href":"https:\/\/nacinovicnadine.com\/en\/wp-json\/wp\/v2\/product_tag?post=2267"}],"curies":[{"name":"wp","href":"https:\/\/api.w.org\/{rel}","templated":true}]}}