{"id":2264,"date":"2025-01-28T11:44:00","date_gmt":"2025-01-28T11:44:00","guid":{"rendered":"https:\/\/nacinovicnadine.com\/?post_type=product&#038;p=2264"},"modified":"2025-02-04T09:14:22","modified_gmt":"2025-02-04T09:14:22","slug":"les-poivrons-en-scene-et-en-lumiere","status":"publish","type":"product","link":"https:\/\/nacinovicnadine.com\/en\/product\/les-poivrons-en-scene-et-en-lumiere\/","title":{"rendered":"Les poivrons en sc\u00e8ne et en lumi\u00e8re"},"content":{"rendered":"<p>J&rsquo;ai eu envie de peindre \u00e0 l&rsquo;huile de mani\u00e8re plus classique, \u00e7a fait du bien parfois de revenir \u00e0 de la figuration.<br \/>\nHuile sur toile de lin.<br \/>\nFormat 80 CM\/80CM.<\/p>","protected":false},"excerpt":{"rendered":"<p>J&rsquo;ai eu envie de peindre \u00e0 l&rsquo;huile de mani\u00e8re plus classique, \u00e7a fait du bien parfois de revenir \u00e0 de la figuration.<br \/>\nHuile sur toile de lin.<br \/>\nFormat 80 CM\/80CM.<\/p>","protected":false},"featured_media":2204,"comment_status":"open","ping_status":"closed","template":"","meta":{"_kadence_starter_templates_imported_post":false,"_kad_post_transparent":"default","_kad_post_title":"","_kad_post_layout":"default","_kad_post_sidebar_id":"","_kad_post_content_style":"default","_kad_post_vertical_padding":"default","_kad_post_feature":"","_kad_post_feature_position":"","_kad_post_header":false,"_kad_post_footer":false},"product_brand":[],"product_cat":[40],"product_tag":[],"class_list":{"0":"post-2264","1":"product","2":"type-product","3":"status-publish","4":"has-post-thumbnail","6":"product_cat-modeles-peinture","8":"first","9":"instock","10":"shipping-taxable","11":"purchasable","12":"product-type-simple","13":"entry","14":"content-bg","15":"loop-entry"},"_links":{"self":[{"href":"https:\/\/nacinovicnadine.com\/en\/wp-json\/wp\/v2\/product\/2264","targetHints":{"allow":["GET"]}}],"collection":[{"href":"https:\/\/nacinovicnadine.com\/en\/wp-json\/wp\/v2\/product"}],"about":[{"href":"https:\/\/nacinovicnadine.com\/en\/wp-json\/wp\/v2\/types\/product"}],"replies":[{"embeddable":true,"href":"https:\/\/nacinovicnadine.com\/en\/wp-json\/wp\/v2\/comments?post=2264"}],"wp:featuredmedia":[{"embeddable":true,"href":"https:\/\/nacinovicnadine.com\/en\/wp-json\/wp\/v2\/media\/2204"}],"wp:attachment":[{"href":"https:\/\/nacinovicnadine.com\/en\/wp-json\/wp\/v2\/media?parent=2264"}],"wp:term":[{"taxonomy":"product_brand","embeddable":true,"href":"https:\/\/nacinovicnadine.com\/en\/wp-json\/wp\/v2\/product_brand?post=2264"},{"taxonomy":"product_cat","embeddable":true,"href":"https:\/\/nacinovicnadine.com\/en\/wp-json\/wp\/v2\/product_cat?post=2264"},{"taxonomy":"product_tag","embeddable":true,"href":"https:\/\/nacinovicnadine.com\/en\/wp-json\/wp\/v2\/product_tag?post=2264"}],"curies":[{"name":"wp","href":"https:\/\/api.w.org\/{rel}","templated":true}]}}