{"id":2260,"date":"2025-01-28T11:37:31","date_gmt":"2025-01-28T11:37:31","guid":{"rendered":"https:\/\/nacinovicnadine.com\/?post_type=product&#038;p=2260"},"modified":"2025-02-04T09:15:53","modified_gmt":"2025-02-04T09:15:53","slug":"le-chemin-au-mimosas-en-fleur","status":"publish","type":"product","link":"https:\/\/nacinovicnadine.com\/en\/product\/le-chemin-au-mimosas-en-fleur\/","title":{"rendered":"Le chemin aux mimosas en fleurs"},"content":{"rendered":"<p>Je suis amoureuse des mimosas, femme du sud, n\u00e9e en f\u00e9vrier toutes ces raisons qui font que le mimosa est mon arbre f\u00e9tiche, la couleur solaire en hiver et son odeur.<br \/>\nAcrylique sur toile de lin.<br \/>\nFormat 1M20 \/1M<\/p>","protected":false},"excerpt":{"rendered":"<p>Je suis amoureuse des mimosas, femme du sud, n\u00e9e en f\u00e9vrier toutes ces raisons qui font que le mimosa est mon arbre f\u00e9tiche, la couleur solaire en hiver et son odeur.<br \/>\nAcrylique sur toile de lin.<br \/>\nFormat 1M20 \/1M<\/p>","protected":false},"featured_media":2202,"comment_status":"open","ping_status":"closed","template":"","meta":{"_kadence_starter_templates_imported_post":false,"_kad_post_transparent":"default","_kad_post_title":"","_kad_post_layout":"default","_kad_post_sidebar_id":"","_kad_post_content_style":"default","_kad_post_vertical_padding":"default","_kad_post_feature":"","_kad_post_feature_position":"","_kad_post_header":false,"_kad_post_footer":false},"product_brand":[],"product_cat":[39],"product_tag":[],"class_list":{"0":"post-2260","1":"product","2":"type-product","3":"status-publish","4":"has-post-thumbnail","6":"product_cat-paysages","8":"first","9":"instock","10":"shipping-taxable","11":"purchasable","12":"product-type-simple","13":"entry","14":"content-bg","15":"loop-entry"},"_links":{"self":[{"href":"https:\/\/nacinovicnadine.com\/en\/wp-json\/wp\/v2\/product\/2260","targetHints":{"allow":["GET"]}}],"collection":[{"href":"https:\/\/nacinovicnadine.com\/en\/wp-json\/wp\/v2\/product"}],"about":[{"href":"https:\/\/nacinovicnadine.com\/en\/wp-json\/wp\/v2\/types\/product"}],"replies":[{"embeddable":true,"href":"https:\/\/nacinovicnadine.com\/en\/wp-json\/wp\/v2\/comments?post=2260"}],"wp:featuredmedia":[{"embeddable":true,"href":"https:\/\/nacinovicnadine.com\/en\/wp-json\/wp\/v2\/media\/2202"}],"wp:attachment":[{"href":"https:\/\/nacinovicnadine.com\/en\/wp-json\/wp\/v2\/media?parent=2260"}],"wp:term":[{"taxonomy":"product_brand","embeddable":true,"href":"https:\/\/nacinovicnadine.com\/en\/wp-json\/wp\/v2\/product_brand?post=2260"},{"taxonomy":"product_cat","embeddable":true,"href":"https:\/\/nacinovicnadine.com\/en\/wp-json\/wp\/v2\/product_cat?post=2260"},{"taxonomy":"product_tag","embeddable":true,"href":"https:\/\/nacinovicnadine.com\/en\/wp-json\/wp\/v2\/product_tag?post=2260"}],"curies":[{"name":"wp","href":"https:\/\/api.w.org\/{rel}","templated":true}]}}