{"id":2257,"date":"2025-01-28T11:14:16","date_gmt":"2025-01-28T11:14:16","guid":{"rendered":"https:\/\/nacinovicnadine.com\/?post_type=product&#038;p=2257"},"modified":"2025-02-04T09:17:31","modified_gmt":"2025-02-04T09:17:31","slug":"le-cabanon-en-provence","status":"publish","type":"product","link":"https:\/\/nacinovicnadine.com\/en\/product\/le-cabanon-en-provence\/","title":{"rendered":"Le cabanon en Provence"},"content":{"rendered":"<p>Acrylique sur toile de lin .<br \/>\nFormat 1M \/1M<br \/>\nLe cabanon en Provence m&rsquo;a \u00e9t\u00e9 inspir\u00e9 lors d&rsquo;une promenade en Provence. Sa pr\u00e9sence au milieu des lavandes m&rsquo;a s\u00e9duite.<\/p>","protected":false},"excerpt":{"rendered":"<p>Acrylique sur toile de lin .<br \/>\nFormat 1M \/1M<br \/>\nLe cabanon en Provence m&rsquo;a \u00e9t\u00e9 inspir\u00e9 lors d&rsquo;une promenade en Provence. Sa pr\u00e9sence au milieu des lavandes m&rsquo;a s\u00e9duite.<\/p>","protected":false},"featured_media":2199,"comment_status":"open","ping_status":"closed","template":"","meta":{"_kadence_starter_templates_imported_post":false,"_kad_post_transparent":"default","_kad_post_title":"","_kad_post_layout":"default","_kad_post_sidebar_id":"","_kad_post_content_style":"default","_kad_post_vertical_padding":"default","_kad_post_feature":"","_kad_post_feature_position":"","_kad_post_header":false,"_kad_post_footer":false},"product_brand":[],"product_cat":[39],"product_tag":[],"class_list":{"0":"post-2257","1":"product","2":"type-product","3":"status-publish","4":"has-post-thumbnail","6":"product_cat-paysages","8":"first","9":"instock","10":"shipping-taxable","11":"purchasable","12":"product-type-simple","13":"entry","14":"content-bg","15":"loop-entry"},"_links":{"self":[{"href":"https:\/\/nacinovicnadine.com\/en\/wp-json\/wp\/v2\/product\/2257","targetHints":{"allow":["GET"]}}],"collection":[{"href":"https:\/\/nacinovicnadine.com\/en\/wp-json\/wp\/v2\/product"}],"about":[{"href":"https:\/\/nacinovicnadine.com\/en\/wp-json\/wp\/v2\/types\/product"}],"replies":[{"embeddable":true,"href":"https:\/\/nacinovicnadine.com\/en\/wp-json\/wp\/v2\/comments?post=2257"}],"wp:featuredmedia":[{"embeddable":true,"href":"https:\/\/nacinovicnadine.com\/en\/wp-json\/wp\/v2\/media\/2199"}],"wp:attachment":[{"href":"https:\/\/nacinovicnadine.com\/en\/wp-json\/wp\/v2\/media?parent=2257"}],"wp:term":[{"taxonomy":"product_brand","embeddable":true,"href":"https:\/\/nacinovicnadine.com\/en\/wp-json\/wp\/v2\/product_brand?post=2257"},{"taxonomy":"product_cat","embeddable":true,"href":"https:\/\/nacinovicnadine.com\/en\/wp-json\/wp\/v2\/product_cat?post=2257"},{"taxonomy":"product_tag","embeddable":true,"href":"https:\/\/nacinovicnadine.com\/en\/wp-json\/wp\/v2\/product_tag?post=2257"}],"curies":[{"name":"wp","href":"https:\/\/api.w.org\/{rel}","templated":true}]}}