{"id":1488,"date":"2022-05-19T09:23:00","date_gmt":"2022-05-19T09:23:00","guid":{"rendered":"https:\/\/nacinovicnadine.com\/?post_type=product&#038;p=1488"},"modified":"2025-02-04T09:39:38","modified_gmt":"2025-02-04T09:39:38","slug":"le-printemps-a-salettes","status":"publish","type":"product","link":"https:\/\/nacinovicnadine.com\/en\/product\/le-printemps-a-salettes\/","title":{"rendered":"Spring in Salettes"},"content":{"rendered":"<p>Salettes petit village de Dr\u00f4me Proven\u00e7ale, nous fait d\u00e9couvrir la nature au printemps.<\/p>","protected":false},"excerpt":{"rendered":"<p>Salettes petit village de Dr\u00f4me Proven\u00e7ale, nous fait d\u00e9couvrir la nature au printemps.<\/p>","protected":false},"featured_media":511,"comment_status":"open","ping_status":"closed","template":"","meta":{"_kadence_starter_templates_imported_post":false,"_kad_post_transparent":"default","_kad_post_title":"","_kad_post_layout":"default","_kad_post_sidebar_id":"","_kad_post_content_style":"default","_kad_post_vertical_padding":"default","_kad_post_feature":"","_kad_post_feature_position":"","_kad_post_header":false,"_kad_post_footer":false},"product_brand":[],"product_cat":[39],"product_tag":[],"class_list":{"0":"post-1488","1":"product","2":"type-product","3":"status-publish","4":"has-post-thumbnail","6":"product_cat-paysages","8":"first","9":"outofstock","10":"shipping-taxable","11":"purchasable","12":"product-type-simple","13":"entry","14":"content-bg","15":"loop-entry"},"_links":{"self":[{"href":"https:\/\/nacinovicnadine.com\/en\/wp-json\/wp\/v2\/product\/1488","targetHints":{"allow":["GET"]}}],"collection":[{"href":"https:\/\/nacinovicnadine.com\/en\/wp-json\/wp\/v2\/product"}],"about":[{"href":"https:\/\/nacinovicnadine.com\/en\/wp-json\/wp\/v2\/types\/product"}],"replies":[{"embeddable":true,"href":"https:\/\/nacinovicnadine.com\/en\/wp-json\/wp\/v2\/comments?post=1488"}],"wp:featuredmedia":[{"embeddable":true,"href":"https:\/\/nacinovicnadine.com\/en\/wp-json\/wp\/v2\/media\/511"}],"wp:attachment":[{"href":"https:\/\/nacinovicnadine.com\/en\/wp-json\/wp\/v2\/media?parent=1488"}],"wp:term":[{"taxonomy":"product_brand","embeddable":true,"href":"https:\/\/nacinovicnadine.com\/en\/wp-json\/wp\/v2\/product_brand?post=1488"},{"taxonomy":"product_cat","embeddable":true,"href":"https:\/\/nacinovicnadine.com\/en\/wp-json\/wp\/v2\/product_cat?post=1488"},{"taxonomy":"product_tag","embeddable":true,"href":"https:\/\/nacinovicnadine.com\/en\/wp-json\/wp\/v2\/product_tag?post=1488"}],"curies":[{"name":"wp","href":"https:\/\/api.w.org\/{rel}","templated":true}]}}