{"id":1439,"date":"2022-05-17T13:45:59","date_gmt":"2022-05-17T13:45:59","guid":{"rendered":"https:\/\/nacinovicnadine.com\/?post_type=product&#038;p=1439"},"modified":"2025-02-04T09:52:15","modified_gmt":"2025-02-04T09:52:15","slug":"cette-peinture-cest-jean-un-ami-quand-je-la-vois-je-pense-a-cezanne-par-lausterite-des-couleurs-et-du-theme","status":"publish","type":"product","link":"https:\/\/nacinovicnadine.com\/en\/product\/cette-peinture-cest-jean-un-ami-quand-je-la-vois-je-pense-a-cezanne-par-lausterite-des-couleurs-et-du-theme\/","title":{"rendered":"Jean my friend"},"content":{"rendered":"<p>Cette peinture c\u2019est Jean un ami, quand je la vois je pense \u00e0 C\u00e9zanne par l\u2019aust\u00e9rit\u00e9 des couleurs et du th\u00e8me.<\/p>","protected":false},"excerpt":{"rendered":"<p><em>Possibilit\u00e9 de r\u00e9gler en 3 fois.<\/em><\/p>","protected":false},"featured_media":764,"comment_status":"open","ping_status":"closed","template":"","meta":{"_kadence_starter_templates_imported_post":false,"_kad_post_transparent":"default","_kad_post_title":"","_kad_post_layout":"default","_kad_post_sidebar_id":"","_kad_post_content_style":"default","_kad_post_vertical_padding":"default","_kad_post_feature":"","_kad_post_feature_position":"","_kad_post_header":false,"_kad_post_footer":false},"product_brand":[],"product_cat":[40],"product_tag":[],"class_list":{"0":"post-1439","1":"product","2":"type-product","3":"status-publish","4":"has-post-thumbnail","6":"product_cat-modeles-peinture","8":"first","9":"instock","10":"shipping-taxable","11":"purchasable","12":"product-type-simple","13":"entry","14":"content-bg","15":"loop-entry"},"_links":{"self":[{"href":"https:\/\/nacinovicnadine.com\/en\/wp-json\/wp\/v2\/product\/1439","targetHints":{"allow":["GET"]}}],"collection":[{"href":"https:\/\/nacinovicnadine.com\/en\/wp-json\/wp\/v2\/product"}],"about":[{"href":"https:\/\/nacinovicnadine.com\/en\/wp-json\/wp\/v2\/types\/product"}],"replies":[{"embeddable":true,"href":"https:\/\/nacinovicnadine.com\/en\/wp-json\/wp\/v2\/comments?post=1439"}],"wp:featuredmedia":[{"embeddable":true,"href":"https:\/\/nacinovicnadine.com\/en\/wp-json\/wp\/v2\/media\/764"}],"wp:attachment":[{"href":"https:\/\/nacinovicnadine.com\/en\/wp-json\/wp\/v2\/media?parent=1439"}],"wp:term":[{"taxonomy":"product_brand","embeddable":true,"href":"https:\/\/nacinovicnadine.com\/en\/wp-json\/wp\/v2\/product_brand?post=1439"},{"taxonomy":"product_cat","embeddable":true,"href":"https:\/\/nacinovicnadine.com\/en\/wp-json\/wp\/v2\/product_cat?post=1439"},{"taxonomy":"product_tag","embeddable":true,"href":"https:\/\/nacinovicnadine.com\/en\/wp-json\/wp\/v2\/product_tag?post=1439"}],"curies":[{"name":"wp","href":"https:\/\/api.w.org\/{rel}","templated":true}]}}