{"id":325,"date":"2022-05-09T11:56:20","date_gmt":"2022-05-09T11:56:20","guid":{"rendered":"https:\/\/nacinovicnadine.com\/?page_id=325"},"modified":"2022-05-09T18:15:32","modified_gmt":"2022-05-09T18:15:32","slug":"parcours-artistique","status":"publish","type":"page","link":"https:\/\/nacinovicnadine.com\/en\/parcours-artistique\/","title":{"rendered":"Artistic pathway"},"content":{"rendered":"<style>#kt-layout-id_4f5c08-df > .kt-row-column-wrap{align-content:start;}:where(#kt-layout-id_4f5c08-df > .kt-row-column-wrap) > .wp-block-kadence-column{justify-content:start;}#kt-layout-id_4f5c08-df > .kt-row-column-wrap{column-gap:var(--global-kb-gap-md, 2rem);row-gap:var(--global-kb-gap-md, 2rem);max-width:var( --global-content-width, 1290px );padding-left:var(--global-content-edge-padding);padding-right:var(--global-content-edge-padding);padding-top:var( --global-kb-row-default-top, 25px );padding-bottom:var( --global-kb-row-default-bottom, 25px );padding-top:0px;padding-bottom:0px;grid-template-columns:minmax(0, 1fr);}#kt-layout-id_4f5c08-df{background-color:rgba(255,174,0,0.04);}#kt-layout-id_4f5c08-df > .kt-row-layout-overlay{opacity:0.30;}@media all and (max-width: 1024px){#kt-layout-id_4f5c08-df > .kt-row-column-wrap{grid-template-columns:minmax(0, 1fr);}}@media all and (max-width: 767px){#kt-layout-id_4f5c08-df > .kt-row-column-wrap{grid-template-columns:minmax(0, 1fr);}}<\/style>\n<div class=\"wp-block-kadence-rowlayout alignfull\"><div id=\"kt-layout-id_4f5c08-df\" class=\"kt-row-layout-inner kt-row-has-bg kt-layout-id_4f5c08-df\"><div class=\"kt-row-column-wrap kt-has-1-columns kt-gutter-default kt-v-gutter-default kt-row-valign-top kt-row-layout-equal kt-tab-layout-inherit kt-m-colapse-left-to-right kt-mobile-layout-row kb-theme-content-width\"><style>.kadence-column_7c35cf-ec > .kt-inside-inner-col{border-top-width:0px;border-right-width:0px;border-bottom-width:0px;border-left-width:0px;}.kadence-column_7c35cf-ec > .kt-inside-inner-col,.kadence-column_7c35cf-ec > .kt-inside-inner-col:before{border-top-left-radius:0px;border-top-right-radius:0px;border-bottom-right-radius:0px;border-bottom-left-radius:0px;}.kadence-column_7c35cf-ec > .kt-inside-inner-col{column-gap:var(--global-kb-gap-sm, 1rem);}.kadence-column_7c35cf-ec > .kt-inside-inner-col{flex-direction:column;}.kadence-column_7c35cf-ec > .kt-inside-inner-col > .aligncenter{width:100%;}.kadence-column_7c35cf-ec > .kt-inside-inner-col:before{opacity:0.3;}.kadence-column_7c35cf-ec{position:relative;}@media all and (max-width: 1024px){.kadence-column_7c35cf-ec > .kt-inside-inner-col{flex-direction:column;justify-content:center;}}@media all and (max-width: 767px){.kadence-column_7c35cf-ec > .kt-inside-inner-col{flex-direction:column;justify-content:center;}}<\/style>\n<div class=\"wp-block-kadence-column inner-column-1 kadence-column_7c35cf-ec\"><div class=\"kt-inside-inner-col\"><nav aria-label=\"breadcrumbs\" class=\"rank-math-breadcrumb\"><p><span class=\"last\">Home<\/span><\/p><\/nav>\n<\/div><\/div>\n<\/div><\/div><\/div>\n\n\n<style>#kt-layout-id_34ad2b-be > .kt-row-column-wrap{align-content:start;}:where(#kt-layout-id_34ad2b-be > .kt-row-column-wrap) > .wp-block-kadence-column{justify-content:start;}#kt-layout-id_34ad2b-be > .kt-row-column-wrap{column-gap:var(--global-kb-gap-md, 2rem);row-gap:var(--global-kb-gap-md, 2rem);max-width:var( --global-content-width, 1290px );padding-left:var(--global-content-edge-padding);padding-right:var(--global-content-edge-padding);padding-top:var( --global-kb-row-default-top, 25px );padding-bottom:var( --global-kb-row-default-bottom, 25px );padding-top:var(--global-kb-spacing-sm, 1.5rem);padding-bottom:var(--global-kb-spacing-sm, 1.5rem);grid-template-columns:minmax(0, 1fr);}#kt-layout-id_34ad2b-be{background-color:rgba(255,174,0,0.04);}#kt-layout-id_34ad2b-be > .kt-row-layout-overlay{opacity:0.30;}@media all and (max-width: 1024px){#kt-layout-id_34ad2b-be > .kt-row-column-wrap{grid-template-columns:minmax(0, 1fr);}}@media all and (max-width: 767px){#kt-layout-id_34ad2b-be > .kt-row-column-wrap{grid-template-columns:minmax(0, 1fr);}}<\/style>\n<div class=\"wp-block-kadence-rowlayout alignfull\"><div id=\"kt-layout-id_34ad2b-be\" class=\"kt-row-layout-inner kt-row-has-bg kt-layout-id_34ad2b-be\"><div class=\"kt-row-column-wrap kt-has-1-columns kt-gutter-default kt-v-gutter-default kt-row-valign-top kt-row-layout-equal kt-tab-layout-inherit kt-m-colapse-left-to-right kt-mobile-layout-row kb-theme-content-width\"><style>.kadence-column_9e44b6-6f > .kt-inside-inner-col{border-top-width:0px;border-right-width:0px;border-bottom-width:0px;border-left-width:0px;}.kadence-column_9e44b6-6f > .kt-inside-inner-col,.kadence-column_9e44b6-6f > .kt-inside-inner-col:before{border-top-left-radius:0px;border-top-right-radius:0px;border-bottom-right-radius:0px;border-bottom-left-radius:0px;}.kadence-column_9e44b6-6f > .kt-inside-inner-col{column-gap:var(--global-kb-gap-sm, 1rem);}.kadence-column_9e44b6-6f > .kt-inside-inner-col{flex-direction:column;}.kadence-column_9e44b6-6f > .kt-inside-inner-col > .aligncenter{width:100%;}.kadence-column_9e44b6-6f > .kt-inside-inner-col:before{opacity:0.3;}.kadence-column_9e44b6-6f{position:relative;}@media all and (max-width: 1024px){.kadence-column_9e44b6-6f > .kt-inside-inner-col{flex-direction:column;justify-content:center;}}@media all and (max-width: 767px){.kadence-column_9e44b6-6f > .kt-inside-inner-col{flex-direction:column;justify-content:center;}}<\/style>\n<div class=\"wp-block-kadence-column inner-column-1 kadence-column_9e44b6-6f\"><div class=\"kt-inside-inner-col\">\n<h1 class=\"has-text-align-center wp-block-heading\">Artistic pathway<\/h1>\n<\/div><\/div>\n<\/div><\/div><\/div>\n\n\n<style>#kt-layout-id_512d5c-97 > .kt-row-column-wrap{align-content:start;}:where(#kt-layout-id_512d5c-97 > .kt-row-column-wrap) > .wp-block-kadence-column{justify-content:start;}#kt-layout-id_512d5c-97 > .kt-row-column-wrap{column-gap:var(--global-kb-gap-md, 2rem);row-gap:var(--global-kb-gap-md, 2rem);max-width:var( --global-content-width, 1290px );padding-left:var(--global-content-edge-padding);padding-right:var(--global-content-edge-padding);padding-top:var( --global-kb-row-default-top, 25px );padding-bottom:var( --global-kb-row-default-bottom, 25px );padding-bottom:0px;grid-template-columns:minmax(0, 1fr);}#kt-layout-id_512d5c-97{background-color:rgba(255,174,0,0.04);}#kt-layout-id_512d5c-97 > .kt-row-layout-overlay{opacity:0.30;}@media all and (max-width: 1024px){#kt-layout-id_512d5c-97 > .kt-row-column-wrap{grid-template-columns:minmax(0, 1fr);}}@media all and (max-width: 767px){#kt-layout-id_512d5c-97 > .kt-row-column-wrap{grid-template-columns:minmax(0, 1fr);}}<\/style>\n<div class=\"wp-block-kadence-rowlayout alignfull\"><div id=\"kt-layout-id_512d5c-97\" class=\"kt-row-layout-inner kt-row-has-bg kt-layout-id_512d5c-97\"><div class=\"kt-row-column-wrap kt-has-1-columns kt-gutter-default kt-v-gutter-default kt-row-valign-top kt-row-layout-equal kt-tab-layout-inherit kt-m-colapse-left-to-right kt-mobile-layout-row kb-theme-content-width\"><style>.kadence-column_56df45-b2 > .kt-inside-inner-col{border-top-width:0px;border-right-width:0px;border-bottom-width:0px;border-left-width:0px;}.kadence-column_56df45-b2 > .kt-inside-inner-col,.kadence-column_56df45-b2 > .kt-inside-inner-col:before{border-top-left-radius:0px;border-top-right-radius:0px;border-bottom-right-radius:0px;border-bottom-left-radius:0px;}.kadence-column_56df45-b2 > .kt-inside-inner-col{column-gap:var(--global-kb-gap-sm, 1rem);}.kadence-column_56df45-b2 > .kt-inside-inner-col{flex-direction:column;}.kadence-column_56df45-b2 > .kt-inside-inner-col > .aligncenter{width:100%;}.kadence-column_56df45-b2 > .kt-inside-inner-col:before{opacity:0.3;}.kadence-column_56df45-b2{position:relative;}@media all and (max-width: 1024px){.kadence-column_56df45-b2 > .kt-inside-inner-col{flex-direction:column;justify-content:center;}}@media all and (max-width: 767px){.kadence-column_56df45-b2 > .kt-inside-inner-col{flex-direction:column;justify-content:center;}}<\/style>\n<div class=\"wp-block-kadence-column inner-column-1 kadence-column_56df45-b2\"><div class=\"kt-inside-inner-col\">\n<p class=\"has-drop-cap\">She likes to paint landscapes!<br>His luminous and colourful canvases quiver under his brushes. The vegetation breathes, the trees deliver their flamboyance. Nadine Nacinovic invites us on a journey through the Dr\u00f4me and the South East. There is breath in her paintings, a pulsation of intense life that springs from her choice of colours. Her touch, her workmanship transcribes as closely as possible the sensations of the Landscape, of the density of each living thing.<\/p>\n\n\n\n<p>I feel a strong attraction to nature, which nourishes and enchants me with its life force: it is its ever-flowing movement, its colourful harmonies and its changing matter, like a human state of mind, that I strive to capture in my painting.<\/p>\n\n\n\n<p>Very early on, I was fascinated by art and worked at the Picasso Museum in Antibes, then at the Renoir Museum in Cagnes-sur-Mer. I confirmed my taste for painting by exploring the museums of the C\u00f4te d'Azur, which allowed me to refine my taste and my pictorial desires. I exhibit my paintings in various places such as St Paul de Vence, the castle of Cagnes-sur-Mer, or the Negresco in Nice.<\/p>\n<\/div><\/div>\n<\/div><\/div><\/div>\n\n\n<style>#kt-layout-id_c69f3c-fb > .kt-row-column-wrap{align-content:start;}:where(#kt-layout-id_c69f3c-fb > .kt-row-column-wrap) > .wp-block-kadence-column{justify-content:start;}#kt-layout-id_c69f3c-fb > .kt-row-column-wrap{column-gap:var(--global-kb-gap-md, 2rem);row-gap:var(--global-kb-gap-md, 2rem);max-width:var( --global-content-width, 1290px );padding-left:var(--global-content-edge-padding);padding-right:var(--global-content-edge-padding);padding-top:var( --global-kb-row-default-top, 25px );padding-bottom:var( --global-kb-row-default-bottom, 25px );padding-bottom:0px;grid-template-columns:minmax(0, calc(60% - ((var(--global-kb-gap-md, 2rem) * 1 )\/2)))minmax(0, calc(40% - ((var(--global-kb-gap-md, 2rem) * 1 )\/2)));}#kt-layout-id_c69f3c-fb{background-color:rgba(255,174,0,0.04);}#kt-layout-id_c69f3c-fb > .kt-row-layout-overlay{opacity:0.30;}@media all and (max-width: 1024px){#kt-layout-id_c69f3c-fb > .kt-row-column-wrap{grid-template-columns:repeat(2, minmax(0, 1fr));}}@media all and (max-width: 767px){#kt-layout-id_c69f3c-fb > .kt-row-column-wrap{grid-template-columns:minmax(0, 1fr);}}<\/style>\n<div class=\"wp-block-kadence-rowlayout alignfull\"><div id=\"kt-layout-id_c69f3c-fb\" class=\"kt-row-layout-inner kt-row-has-bg kt-layout-id_c69f3c-fb\"><div class=\"kt-row-column-wrap kt-has-2-columns kt-gutter-default kt-v-gutter-default kt-row-valign-top kt-row-layout-equal kt-tab-layout-inherit kt-m-colapse-left-to-right kt-mobile-layout-row  kt-custom-first-width-60  kt-custom-second-width-40 kb-theme-content-width\"><style>.kadence-column_96a446-d5 > .kt-inside-inner-col{border-top-width:0px;border-right-width:0px;border-bottom-width:0px;border-left-width:0px;}.kadence-column_96a446-d5 > .kt-inside-inner-col,.kadence-column_96a446-d5 > .kt-inside-inner-col:before{border-top-left-radius:0px;border-top-right-radius:0px;border-bottom-right-radius:0px;border-bottom-left-radius:0px;}.kadence-column_96a446-d5 > .kt-inside-inner-col{column-gap:var(--global-kb-gap-sm, 1rem);}.kadence-column_96a446-d5 > .kt-inside-inner-col{flex-direction:column;}.kadence-column_96a446-d5 > .kt-inside-inner-col > .aligncenter{width:100%;}.kadence-column_96a446-d5 > .kt-inside-inner-col:before{opacity:0.3;}.kadence-column_96a446-d5{position:relative;}@media all and (max-width: 1024px){.kadence-column_96a446-d5 > .kt-inside-inner-col{flex-direction:column;justify-content:center;}}@media all and (max-width: 767px){.kadence-column_96a446-d5 > .kt-inside-inner-col{flex-direction:column;justify-content:center;}}<\/style>\n<div class=\"wp-block-kadence-column inner-column-1 kadence-column_96a446-d5\"><div class=\"kt-inside-inner-col\">\n<p>Driven by a need to discover more and more artists and forms of pictorial expression, I moved my brushes to Lyon to attend a fine arts course. There I met two painters with whom I became friends and set up an association, \"Les Abeilles\" (in homage to the Montparnasse beehive), which enabled us to spread our colourful energy and our desire to share our artistic fervour between Lyon, Paris and the Dr\u00f4me for almost 10 years. Art is our daily life, it has to penetrate in the one of the others, to go to their meeting: we make body with our painting to realize living pictures on very big canvases, set up artistic performances, realize monumental sculptures. Wherever possible, and where it is not expected, we introduce forms and colours into the urban space to sow a little magic and create conviviality.<\/p>\n<\/div><\/div>\n\n\n<style>.kadence-column_a9e6ec-65 > .kt-inside-inner-col{border-top-width:0px;border-right-width:0px;border-bottom-width:0px;border-left-width:0px;}.kadence-column_a9e6ec-65 > .kt-inside-inner-col,.kadence-column_a9e6ec-65 > .kt-inside-inner-col:before{border-top-left-radius:0px;border-top-right-radius:0px;border-bottom-right-radius:0px;border-bottom-left-radius:0px;}.kadence-column_a9e6ec-65 > .kt-inside-inner-col{column-gap:var(--global-kb-gap-sm, 1rem);}.kadence-column_a9e6ec-65 > .kt-inside-inner-col{flex-direction:column;}.kadence-column_a9e6ec-65 > .kt-inside-inner-col > .aligncenter{width:100%;}.kadence-column_a9e6ec-65 > .kt-inside-inner-col:before{opacity:0.3;}.kadence-column_a9e6ec-65{position:relative;}@media all and (max-width: 1024px){.kadence-column_a9e6ec-65 > .kt-inside-inner-col{flex-direction:column;justify-content:center;}}@media all and (max-width: 767px){.kadence-column_a9e6ec-65 > .kt-inside-inner-col{flex-direction:column;justify-content:center;}}<\/style>\n<div class=\"wp-block-kadence-column inner-column-2 kadence-column_a9e6ec-65\"><div class=\"kt-inside-inner-col\"><style>.kb-image_bb5737-85 .kb-image-has-overlay:after{opacity:0.3;}.kb-image_bb5737-85 img.kb-img, .kb-image_bb5737-85 .kb-img img{box-shadow:6px 6px 14px 0px rgba(0, 0, 0, 0.48);}<\/style>\n<figure class=\"wp-block-kadence-image kb-image_bb5737-85 size-full\"><img loading=\"lazy\" decoding=\"async\" width=\"301\" height=\"389\" src=\"https:\/\/nacinovicnadine.com\/wp-content\/uploads\/2022\/05\/nadine-nacinovic.webp\" alt=\"nadine-nacinovic\" class=\"kb-img wp-image-331\" srcset=\"https:\/\/nacinovicnadine.com\/wp-content\/uploads\/2022\/05\/nadine-nacinovic.webp 301w, https:\/\/nacinovicnadine.com\/wp-content\/uploads\/2022\/05\/nadine-nacinovic-232x300.webp 232w\" sizes=\"auto, (max-width: 301px) 100vw, 301px\" \/><\/figure>\n<\/div><\/div>\n<\/div><\/div><\/div>\n\n\n<style>#kt-layout-id_cc235b-c4 > .kt-row-column-wrap{align-content:start;}:where(#kt-layout-id_cc235b-c4 > .kt-row-column-wrap) > .wp-block-kadence-column{justify-content:start;}#kt-layout-id_cc235b-c4 > .kt-row-column-wrap{column-gap:var(--global-kb-gap-md, 2rem);row-gap:var(--global-kb-gap-md, 2rem);max-width:var( --global-content-width, 1290px );padding-left:var(--global-content-edge-padding);padding-right:var(--global-content-edge-padding);padding-top:var( --global-kb-row-default-top, 25px );padding-bottom:var( --global-kb-row-default-bottom, 25px );padding-top:var(--global-kb-spacing-sm, 1.5rem);padding-bottom:var(--global-kb-spacing-sm, 1.5rem);grid-template-columns:minmax(0, 1fr);}#kt-layout-id_cc235b-c4{background-color:rgba(255,174,0,0.04);}#kt-layout-id_cc235b-c4 > .kt-row-layout-overlay{opacity:0.30;}@media all and (max-width: 1024px){#kt-layout-id_cc235b-c4 > .kt-row-column-wrap{grid-template-columns:minmax(0, 1fr);}}@media all and (max-width: 767px){#kt-layout-id_cc235b-c4 > .kt-row-column-wrap{grid-template-columns:minmax(0, 1fr);}}<\/style>\n<div class=\"wp-block-kadence-rowlayout alignfull\"><div id=\"kt-layout-id_cc235b-c4\" class=\"kt-row-layout-inner kt-row-has-bg kt-layout-id_cc235b-c4\"><div class=\"kt-row-column-wrap kt-has-1-columns kt-gutter-default kt-v-gutter-default kt-row-valign-top kt-row-layout-equal kt-tab-layout-inherit kt-m-colapse-left-to-right kt-mobile-layout-row kb-theme-content-width\"><style>.kadence-column_0e2d6c-6e > .kt-inside-inner-col{border-top-width:0px;border-right-width:0px;border-bottom-width:0px;border-left-width:0px;}.kadence-column_0e2d6c-6e > .kt-inside-inner-col,.kadence-column_0e2d6c-6e > .kt-inside-inner-col:before{border-top-left-radius:0px;border-top-right-radius:0px;border-bottom-right-radius:0px;border-bottom-left-radius:0px;}.kadence-column_0e2d6c-6e > .kt-inside-inner-col{column-gap:var(--global-kb-gap-sm, 1rem);}.kadence-column_0e2d6c-6e > .kt-inside-inner-col{flex-direction:column;}.kadence-column_0e2d6c-6e > .kt-inside-inner-col > .aligncenter{width:100%;}.kadence-column_0e2d6c-6e > .kt-inside-inner-col:before{opacity:0.3;}.kadence-column_0e2d6c-6e{position:relative;}@media all and (max-width: 1024px){.kadence-column_0e2d6c-6e > .kt-inside-inner-col{flex-direction:column;justify-content:center;}}@media all and (max-width: 767px){.kadence-column_0e2d6c-6e > .kt-inside-inner-col{flex-direction:column;justify-content:center;}}<\/style>\n<div class=\"wp-block-kadence-column inner-column-1 kadence-column_0e2d6c-6e\"><div class=\"kt-inside-inner-col\">\n<p>My installation in the Dr\u00f4me allows me to work in harmony with nature, which I find at the door of my studio. It is in this region that my palette discovers the emotions of outdoor painting. Until then, I had been a painter of browns, greens and browns, but I now turn to a range of warmer colours, some would say fawns.<\/p>\n\n\n\n<p>My studio, place of inspiration an old convent \"farm\", hence its name<br>In the \"Ferme des Dames\" I have designed it in my image: feminine and harmonious. Conviviality rhymes with calm and pleasure, I paint, exhibit and organise workshops and painting courses, sometimes with renowned painters.<br>Sharing my painting space in this way allows me to provoke encounters from which I am enriched. This new stage is marked by a certain artistic maturity, I distribute my time between training courses, exhibitions, residences or artistic interventions.<br>Always on the move, ready to take up challenges, I like to surprise and let myself be surprised by unexpected and varied projects, such as being part of the artistic caravan of the Babel Caucasus project, ephemerally transforming a square in the historic centre of Naples, or painting a caravan for the La Bizz art nomad festival<br>For me, art enchants life and allows me, by being present to the world, to look at what surrounds us every day with wonder and to reconnect with the pure energy of the child. Letting myself be guided by my brush, itself carried by an emotion, a feeling, in front of a model who poses or a landscape with contrasting colours, I am inspired by my daily life to create mixtures of bright and voluptuous colours. The painting I propose is spontaneous, lively, human, free from the perfect line or an irreproachable technique. Projecting in my paintings a sincere emotion, I invite the spectator to be carried away by his own emotion.<\/p>\n<\/div><\/div>\n<\/div><\/div><\/div>","protected":false},"excerpt":{"rendered":"<p>Parcours artistique Elle aime peindre les paysages !Ses toiles lumineuses et color\u00e9es fr\u00e9missent sous ses pinceaux. La v\u00e9g\u00e9tation respire, les arbres d\u00e9livrent leur flamboyance. C\u2019est un voyage \u00e0 travers la Dr\u00f4me et le grand Sud Est auquel Nadine Nacinovic nous convie. Il y a du souffle dans ses toiles, une pulsation de vie intense qui&#8230;<\/p>","protected":false},"author":1,"featured_media":0,"parent":0,"menu_order":0,"comment_status":"closed","ping_status":"closed","template":"","meta":{"_kadence_starter_templates_imported_post":false,"_kad_post_transparent":"","_kad_post_title":"","_kad_post_layout":"","_kad_post_sidebar_id":"","_kad_post_content_style":"","_kad_post_vertical_padding":"","_kad_post_feature":"","_kad_post_feature_position":"","_kad_post_header":false,"_kad_post_footer":false,"footnotes":""},"class_list":["post-325","page","type-page","status-publish","hentry"],"_links":{"self":[{"href":"https:\/\/nacinovicnadine.com\/en\/wp-json\/wp\/v2\/pages\/325","targetHints":{"allow":["GET"]}}],"collection":[{"href":"https:\/\/nacinovicnadine.com\/en\/wp-json\/wp\/v2\/pages"}],"about":[{"href":"https:\/\/nacinovicnadine.com\/en\/wp-json\/wp\/v2\/types\/page"}],"author":[{"embeddable":true,"href":"https:\/\/nacinovicnadine.com\/en\/wp-json\/wp\/v2\/users\/1"}],"replies":[{"embeddable":true,"href":"https:\/\/nacinovicnadine.com\/en\/wp-json\/wp\/v2\/comments?post=325"}],"version-history":[{"count":0,"href":"https:\/\/nacinovicnadine.com\/en\/wp-json\/wp\/v2\/pages\/325\/revisions"}],"wp:attachment":[{"href":"https:\/\/nacinovicnadine.com\/en\/wp-json\/wp\/v2\/media?parent=325"}],"curies":[{"name":"wp","href":"https:\/\/api.w.org\/{rel}","templated":true}]}}