{"id":220,"date":"2022-05-08T06:13:07","date_gmt":"2022-05-08T06:13:07","guid":{"rendered":"https:\/\/nacinovicnadine.com\/?page_id=220"},"modified":"2025-01-20T12:17:49","modified_gmt":"2025-01-20T12:17:49","slug":"expositions-recentes","status":"publish","type":"page","link":"https:\/\/nacinovicnadine.com\/en\/expositions-recentes\/","title":{"rendered":"Recent exhibitions"},"content":{"rendered":"<nav aria-label=\"breadcrumbs\" class=\"rank-math-breadcrumb\"><p><span class=\"last\">Home<\/span><\/p><\/nav>\n\n\n\n<h1 class=\"has-text-align-center wp-block-heading\">News about the artist Nadine Nacinovic<\/h1>\n\n\n\n<p><small><br><\/small><img loading=\"lazy\" decoding=\"async\" width=\"593\" height=\"617\" class=\"wp-image-232\" style=\"width: 593px;\" src=\"https:\/\/nacinovicnadine.com\/wp-content\/uploads\/2022\/05\/Exposition-recente-01.webp\" alt=\"Exposition-recente-01\" srcset=\"https:\/\/nacinovicnadine.com\/wp-content\/uploads\/2022\/05\/Exposition-recente-01.webp 593w, https:\/\/nacinovicnadine.com\/wp-content\/uploads\/2022\/05\/Exposition-recente-01-300x312.webp 300w, https:\/\/nacinovicnadine.com\/wp-content\/uploads\/2022\/05\/Exposition-recente-01-288x300.webp 288w\" sizes=\"auto, (max-width: 593px) 100vw, 593px\" \/><\/p>\n\n\n\n<hr class=\"wp-block-separator\"\/>\n\n\n\n<p><\/p>\n\n\n\n<h3 class=\"wp-block-heading\">Nadine Nacinovic \/ professional painter \/Drome Proven\u00e7ale<\/h3>\n\n\n\n<p>Hello, I am delighted to show you some of my latest paintings. And if you happen to be in Brussels at the end of November, I will be happy to welcome you at the ART3 F stand where I will be exhibiting from Friday 26 November 2021 to Sunday 28 November inclusive.&nbsp;<br>Ask me for invitations if you have the possibility to come and visit. See you soon Nadine Nacinovic<\/p>\n\n\n\n<hr class=\"wp-block-separator\"\/>\n\n\n\n<p><\/p>\n\n\n\n<h3 class=\"wp-block-heading\">Exhibition ART 3F in BRUSSELS<\/h3>\n\n\n\n<p>&nbsp;Brussels Expo, Place de Belgique, 1020 Brussels, Belgium <strong>Friday<\/strong> 26 November 2021 <strong>Sunday<\/strong> 28 November 2021<br>I will be present from Friday 26 November to Sunday 28 November, at the ART3 F exhibition in BRUSSELS.<\/p>\n\n\n\n<p>Opening on Friday 26 November, 6 pm\/22 pm.<\/p>\n\n\n\n<p>Open Friday 26 Nov from 4pm to 10pm<\/p>\n\n\n\n<p>Saturday 27\/Sunday 28 Nov from 10:00\/20:00<\/p>\n\n\n\n<hr class=\"wp-block-separator\"\/>\n\n\n\n<p><\/p>\n\n\n\n<h3 class=\"wp-block-heading\">Exhibition from 03 July to 29 August 2021 at Poet Laval in the Drome<\/h3>\n\n\n\n<p>&nbsp;Poet Laval in the Drome \/ H\u00f4tel des Hospitaliers \/ Seminar room of the<strong>Saturday<\/strong>3 July 2021<strong>Sunday<\/strong>29 August 2021<\/p>\n\n\n\n<p><strong>This summer I have the pleasure to exhibit my latest paintings<\/strong><\/p>\n\n\n\n<p><strong>at&nbsp;<\/strong><strong>&nbsp;Po\u00ebt-Laval in the Drome Proven\u00e7ale. <\/strong><strong>The exhibition<\/strong><strong>&nbsp;will be open all summer in the seminar room<\/strong><\/p>\n\n\n\n<p><strong>of the hotel restaurant&nbsp;<\/strong><\/p>\n\n\n\n<p><strong>\"Les Hospitaliers\" at the top of the old village<\/strong><\/p>\n\n\n\n<p><strong>&nbsp;Opening on Saturday 03 July from 17:30<\/strong><\/p>\n\n\n\n<figure class=\"wp-block-image size-full\"><img loading=\"lazy\" decoding=\"async\" width=\"720\" height=\"720\" src=\"https:\/\/nacinovicnadine.com\/wp-content\/uploads\/2022\/05\/Exposition-recente-02-le-chemin-d-inspiration-du-peintre.webp\" alt=\"Exposition-recente-02-le-chemin-d-inspiration-du-peintre\" class=\"wp-image-233\" srcset=\"https:\/\/nacinovicnadine.com\/wp-content\/uploads\/2022\/05\/Exposition-recente-02-le-chemin-d-inspiration-du-peintre.webp 720w, https:\/\/nacinovicnadine.com\/wp-content\/uploads\/2022\/05\/Exposition-recente-02-le-chemin-d-inspiration-du-peintre-300x300.webp 300w, https:\/\/nacinovicnadine.com\/wp-content\/uploads\/2022\/05\/Exposition-recente-02-le-chemin-d-inspiration-du-peintre-100x100.webp 100w, https:\/\/nacinovicnadine.com\/wp-content\/uploads\/2022\/05\/Exposition-recente-02-le-chemin-d-inspiration-du-peintre-600x600.webp 600w, https:\/\/nacinovicnadine.com\/wp-content\/uploads\/2022\/05\/Exposition-recente-02-le-chemin-d-inspiration-du-peintre-150x150.webp 150w\" sizes=\"auto, (max-width: 720px) 100vw, 720px\" \/><\/figure>\n\n\n\n<figure class=\"wp-block-image size-full\"><img loading=\"lazy\" decoding=\"async\" width=\"719\" height=\"720\" src=\"https:\/\/nacinovicnadine.com\/wp-content\/uploads\/2022\/05\/Exposition-recente-03.webp\" alt=\"Exposition-recente-03\" class=\"wp-image-234\" srcset=\"https:\/\/nacinovicnadine.com\/wp-content\/uploads\/2022\/05\/Exposition-recente-03.webp 719w, https:\/\/nacinovicnadine.com\/wp-content\/uploads\/2022\/05\/Exposition-recente-03-300x300.webp 300w, https:\/\/nacinovicnadine.com\/wp-content\/uploads\/2022\/05\/Exposition-recente-03-100x100.webp 100w, https:\/\/nacinovicnadine.com\/wp-content\/uploads\/2022\/05\/Exposition-recente-03-600x601.webp 600w, https:\/\/nacinovicnadine.com\/wp-content\/uploads\/2022\/05\/Exposition-recente-03-150x150.webp 150w\" sizes=\"auto, (max-width: 719px) 100vw, 719px\" \/><\/figure>\n\n\n\n<p><strong><em>&nbsp; &nbsp; &nbsp; &nbsp; &nbsp; &nbsp; &nbsp; &nbsp; &nbsp; &nbsp; &nbsp; &nbsp; &nbsp; Open every day except Monday from 2.30pm to 7pm<\/em><\/strong><\/p>\n\n\n\n<p><strong><em>&nbsp; &nbsp; &nbsp; &nbsp; &nbsp; &nbsp; &nbsp; &nbsp; &nbsp; &nbsp; &nbsp; &nbsp; &nbsp; Saturday and Sunday from 10:30 to 12:30 \/14:00 to 19:00<\/em><\/strong><\/p>\n\n\n\n<figure class=\"wp-block-image size-full\"><img loading=\"lazy\" decoding=\"async\" width=\"960\" height=\"960\" src=\"https:\/\/nacinovicnadine.com\/wp-content\/uploads\/2022\/05\/Exposition-recente-04-chemin-saint-claude-saint-paul-de-vence.webp\" alt=\"Exposition-recente-04-chemin-saint-claude-saint-paul-de-vence\" class=\"wp-image-235\" srcset=\"https:\/\/nacinovicnadine.com\/wp-content\/uploads\/2022\/05\/Exposition-recente-04-chemin-saint-claude-saint-paul-de-vence.webp 960w, https:\/\/nacinovicnadine.com\/wp-content\/uploads\/2022\/05\/Exposition-recente-04-chemin-saint-claude-saint-paul-de-vence-300x300.webp 300w, https:\/\/nacinovicnadine.com\/wp-content\/uploads\/2022\/05\/Exposition-recente-04-chemin-saint-claude-saint-paul-de-vence-100x100.webp 100w, https:\/\/nacinovicnadine.com\/wp-content\/uploads\/2022\/05\/Exposition-recente-04-chemin-saint-claude-saint-paul-de-vence-600x600.webp 600w, https:\/\/nacinovicnadine.com\/wp-content\/uploads\/2022\/05\/Exposition-recente-04-chemin-saint-claude-saint-paul-de-vence-150x150.webp 150w, https:\/\/nacinovicnadine.com\/wp-content\/uploads\/2022\/05\/Exposition-recente-04-chemin-saint-claude-saint-paul-de-vence-768x768.webp 768w\" sizes=\"auto, (max-width: 960px) 100vw, 960px\" \/><\/figure>\n\n\n\n<hr class=\"wp-block-separator\"\/>\n\n\n\n<p><\/p>\n\n\n\n<h3 class=\"wp-block-heading\">Nadine Nacinovic \/ professional painter \/Drome Proven\u00e7ale<\/h3>\n\n\n\n<p>&nbsp; &nbsp; &nbsp; &nbsp; &nbsp; &nbsp; &nbsp; &nbsp; &nbsp; &nbsp; &nbsp; &nbsp; &nbsp; &nbsp; &nbsp; \"Painting life through colour and movement\"<\/p>\n\n\n\n<p>I find the spring light that I love so much, it timidly enters the studio.<\/p>\n\n\n\n<p>Painting workshop of \"La Ferme des Dames\" by Nadine Nacinovic.<\/p>\n\n\n\n<p>&nbsp; &nbsp; &nbsp; &nbsp; &nbsp; &nbsp; &nbsp; &nbsp; &nbsp; &nbsp; &nbsp; &nbsp; &nbsp; &nbsp; &nbsp; &nbsp; &nbsp; &nbsp; &nbsp; Place of life, painting and inspiration.<\/p>\n\n\n\n<figure class=\"wp-block-image size-full\"><img loading=\"lazy\" decoding=\"async\" width=\"720\" height=\"540\" src=\"https:\/\/nacinovicnadine.com\/wp-content\/uploads\/2022\/05\/Exposition-recente-05-l-atelier-de-nadine-nacinovic.webp\" alt=\"Exposition-recente-05-l-atelier-de-nadine-nacinovic\" class=\"wp-image-236\" srcset=\"https:\/\/nacinovicnadine.com\/wp-content\/uploads\/2022\/05\/Exposition-recente-05-l-atelier-de-nadine-nacinovic.webp 720w, https:\/\/nacinovicnadine.com\/wp-content\/uploads\/2022\/05\/Exposition-recente-05-l-atelier-de-nadine-nacinovic-300x225.webp 300w, https:\/\/nacinovicnadine.com\/wp-content\/uploads\/2022\/05\/Exposition-recente-05-l-atelier-de-nadine-nacinovic-600x450.webp 600w\" sizes=\"auto, (max-width: 720px) 100vw, 720px\" \/><\/figure>\n\n\n\n<hr class=\"wp-block-separator\"\/>\n\n\n\n<p><\/p>\n\n\n\n<h3 class=\"wp-block-heading\">3 days \/ Acrylic landscape painting course \/ Drome Proven\u00e7ale \/ summer 2020<\/h3>\n\n\n\n<p>Hello, the dates for this summer's landscape workshops that I am organising in the Drome are ready<\/p>\n\n\n\n<p>You can register now&nbsp;<\/p>\n\n\n\n<p>Friday 26 \/ Sat 27\/ Sun 28&nbsp;<\/p>\n\n\n\n<p>- JULY Friday 03 \/ Sat 04 \/ Sun 05<\/p>\n\n\n\n<p>- JULY Friday 17 \/ Sat 18 \/ Sun 19<\/p>\n\n\n\n<p>- AUGUST Friday 07 \/ Sat 08 \/ Sun 09<\/p>\n\n\n\n<p>\u2013 SEPTEMBER Friday 25 \/ Sat 26 \/ Sun 27 &nbsp;<\/p>\n\n\n\n<figure class=\"wp-block-image size-full\"><img loading=\"lazy\" decoding=\"async\" width=\"600\" height=\"424\" src=\"https:\/\/nacinovicnadine.com\/wp-content\/uploads\/2022\/05\/Exposition-recente-06-stage-paysage-2020-best-recto-verso.webp\" alt=\"Exposition-recente-06-stage-paysage-2020-best-recto-verso\" class=\"wp-image-237\" srcset=\"https:\/\/nacinovicnadine.com\/wp-content\/uploads\/2022\/05\/Exposition-recente-06-stage-paysage-2020-best-recto-verso.webp 600w, https:\/\/nacinovicnadine.com\/wp-content\/uploads\/2022\/05\/Exposition-recente-06-stage-paysage-2020-best-recto-verso-300x212.webp 300w\" sizes=\"auto, (max-width: 600px) 100vw, 600px\" \/><\/figure>\n\n\n\n<p>66<\/p>\n\n\n\n<hr class=\"wp-block-separator\"\/>\n\n\n\n<p><\/p>\n\n\n\n<h3 class=\"wp-block-heading\">3 days \/ Acrylic landscape painting course \/ Drome Proven\u00e7ale \/ June 2020<\/h3>\n\n\n\n<p>&nbsp;435 B Chemin des Dames, 26160 SALETTES<strong>Friday<\/strong>26 June 2020<strong>Sunday<\/strong>28 June 2020<\/p>\n\n\n\n<p>** To register, write to me: nacinovicnadine@orange.fr **<br>** Or call me: 06 75 11 05 99 **<br>Acrylic landscape painting course in the Drome Proven\u00e7ale with Nadine Nacinovic.<br>Three days including equipment \/ 230 euros. Introductory course for amateurs and experienced painters.<br>In a professional way Nadine will know how to extract you from your habits of comfort to bring you towards a painting of expression which will be clean and personal to you.<br>Possibility of accommodation for a very modest price in a charming place nearby.<\/p>\n\n\n\n<figure class=\"wp-block-image size-large\"><img loading=\"lazy\" decoding=\"async\" width=\"1024\" height=\"683\" src=\"https:\/\/nacinovicnadine.com\/wp-content\/uploads\/2022\/05\/Exposition-recente-07-1024x683.webp\" alt=\"Exposition-recente-07\" class=\"wp-image-238\" srcset=\"https:\/\/nacinovicnadine.com\/wp-content\/uploads\/2022\/05\/Exposition-recente-07-1024x683.webp 1024w, https:\/\/nacinovicnadine.com\/wp-content\/uploads\/2022\/05\/Exposition-recente-07-300x200.webp 300w, https:\/\/nacinovicnadine.com\/wp-content\/uploads\/2022\/05\/Exposition-recente-07-600x400.webp 600w, https:\/\/nacinovicnadine.com\/wp-content\/uploads\/2022\/05\/Exposition-recente-07-768x512.webp 768w, https:\/\/nacinovicnadine.com\/wp-content\/uploads\/2022\/05\/Exposition-recente-07.webp 1200w\" sizes=\"auto, (max-width: 1024px) 100vw, 1024px\" \/><\/figure>\n\n\n\n<hr class=\"wp-block-separator\"\/>\n\n\n\n<p><\/p>\n\n\n\n<h3 class=\"wp-block-heading\">3 days \/ Acrylic landscape course \/ Drome Proven\u00e7ale July 2020<\/h3>\n\n\n\n<p>&nbsp;435 b chemin des Dames, 26160 SALETTES<strong>Friday<\/strong>3juillet2020<strong>Sunday<\/strong>5 July 202<\/p>\n\n\n\n<p><img loading=\"lazy\" decoding=\"async\" width=\"720\" height=\"480\" class=\"wp-image-239\" style=\"width: 720px;\" src=\"https:\/\/nacinovicnadine.com\/wp-content\/uploads\/2022\/05\/Exposition-recente-08.webp\" alt=\"Exposition-recente-08\" srcset=\"https:\/\/nacinovicnadine.com\/wp-content\/uploads\/2022\/05\/Exposition-recente-08.webp 720w, https:\/\/nacinovicnadine.com\/wp-content\/uploads\/2022\/05\/Exposition-recente-08-300x200.webp 300w, https:\/\/nacinovicnadine.com\/wp-content\/uploads\/2022\/05\/Exposition-recente-08-600x400.webp 600w\" sizes=\"auto, (max-width: 720px) 100vw, 720px\" \/>To register, write to me: nacinovicnadine@orange.fr **** or call me: 06 75 11 05 99 **Landscape acrylic painting workshop in the Drome Proven\u00e7ale with Nadine Nacinovic.<br>Three days including equipment \/ 230 euros. Introductory course for amateurs and experienced painters.<br>In a professional way Nadine will know how to extract you from your habits of comfort to bring you towards a painting of expression which will be clean and personal to you.<br>Possibility of accommodation for a very modest price in a charming place nearby.<\/p>\n\n\n\n<hr class=\"wp-block-separator\"\/>\n\n\n\n<p><\/p>\n\n\n\n<h3 class=\"wp-block-heading\">Stage Peinture Paysage Drome Proven\u00e7ale \u00e0 l&rsquo;Acrylique Juillet 2020<\/h3>\n\n\n\n<p>&nbsp;435 b chemin des Dames, 26160 SALETTES<strong>Friday<\/strong>17 July 202<strong>Sunday<\/strong>19 July 2020<\/p>\n\n\n\n<p>** To register, write to me: nacinovicnadine@orange.fr **<br>** Or call me: 06 75 11 05 99 **<br><br><br>Acrylic landscape painting course in the Drome Proven\u00e7ale with a professional painter Nadine Nacinovic<\/p>\n\n\n\n<p>Three days including equipment 230 euros.<\/p>\n\n\n\n<p>&nbsp;Introductory course for amateurs and experienced painters.<br>In a professional way NADINE WILL BE ABLE TO TAKE YOU AWAY FROM YOUR COMFORT HABITUATIONS TO LEAD YOU TO AN EXPRESSION PAINTING WHICH WILL BE YOUR OWN AND PERSONAL.<br>POSSIBILITY OF ACCOMMODATION AT A VERY MODERATE PRICE IN A CHARMING PLACE NEARBY<\/p>\n\n\n\n<hr class=\"wp-block-separator\"\/>\n\n\n\n<p><\/p>\n\n\n\n<h3 class=\"wp-block-heading\">Drome Proven\u00e7al Landscape Painting Course with acrylics August 2020<\/h3>\n\n\n\n<p>&nbsp;435 b chemin des Dames, 26160 SALETTES<strong>Friday<\/strong>7 August 2020<strong>Sunday<\/strong>9 August 2020<\/p>\n\n\n\n<p><img loading=\"lazy\" decoding=\"async\" width=\"600\" height=\"400\" class=\"wp-image-240\" style=\"width: 600px;\" src=\"https:\/\/nacinovicnadine.com\/wp-content\/uploads\/2022\/05\/Exposition-recente-09.webp\" alt=\"Exposition-recente-09\" srcset=\"https:\/\/nacinovicnadine.com\/wp-content\/uploads\/2022\/05\/Exposition-recente-09.webp 600w, https:\/\/nacinovicnadine.com\/wp-content\/uploads\/2022\/05\/Exposition-recente-09-300x200.webp 300w\" sizes=\"auto, (max-width: 600px) 100vw, 600px\" \/>Acrylic landscape painting course in the Drome PROVEN\u00c7ALE WITH A PROFESSIONAL PAINTER Nadine Nacinovic \/ three days including equipment 230 euros. In a professional way NADINE WILL BE ABLE TO TAKE YOU OUT OF YOUR COMFORTABLE HABITUDES TO LEAD YOU TO AN EXPRESSIONAL PAINTING THAT WILL BE YOUR OWN AND PERSONAL.<br>POSSIBILITY OF ACCOMMODATION AT A VERY MODERATE PRICE IN A CHARMING PLACE NEARBY.<\/p>\n\n\n\n<hr class=\"wp-block-separator\"\/>\n\n\n\n<p><\/p>\n\n\n\n<h3 class=\"wp-block-heading\">PAYSAGE Drome PROVEN\u00c7ALE painting course with acrylics August 2021<\/h3>\n\n\n\n<p>&nbsp;435 b Chemin des Dames 26160 SALETTES<strong>Friday<\/strong>6 August 2021<strong>Sunday<\/strong>8 August 2021<\/p>\n\n\n\n<p><img loading=\"lazy\" decoding=\"async\" width=\"320\" height=\"568\" class=\"wp-image-241\" style=\"width: 320px;\" src=\"https:\/\/nacinovicnadine.com\/wp-content\/uploads\/2022\/05\/Exposition-recente-10.webp\" alt=\"Exposition-recente-10\" srcset=\"https:\/\/nacinovicnadine.com\/wp-content\/uploads\/2022\/05\/Exposition-recente-10.webp 320w, https:\/\/nacinovicnadine.com\/wp-content\/uploads\/2022\/05\/Exposition-recente-10-300x533.webp 300w, https:\/\/nacinovicnadine.com\/wp-content\/uploads\/2022\/05\/Exposition-recente-10-169x300.webp 169w\" sizes=\"auto, (max-width: 320px) 100vw, 320px\" \/><img loading=\"lazy\" decoding=\"async\" width=\"720\" height=\"405\" class=\"wp-image-242\" style=\"width: 720px;\" src=\"https:\/\/nacinovicnadine.com\/wp-content\/uploads\/2022\/05\/Exposition-recente-11.webp\" alt=\"Exposition-recente-11\" srcset=\"https:\/\/nacinovicnadine.com\/wp-content\/uploads\/2022\/05\/Exposition-recente-11.webp 720w, https:\/\/nacinovicnadine.com\/wp-content\/uploads\/2022\/05\/Exposition-recente-11-300x169.webp 300w, https:\/\/nacinovicnadine.com\/wp-content\/uploads\/2022\/05\/Exposition-recente-11-600x338.webp 600w\" sizes=\"auto, (max-width: 720px) 100vw, 720px\" \/>Acrylic landscape painting course in the Drome PROVEN\u00c7ALE<\/p>\n\n\n\n<p>&nbsp;AVEC UNE PEINTRE PROFESSIONNELLE Nadine Nacinovic&nbsp;<\/p>\n\n\n\n<p>&nbsp;3 days including equipment 230 euros.<\/p>\n\n\n\n<p>&nbsp;Introductory course for amateurs and experienced painters.<br>In a professional way NADINE WILL BE ABLE TO TAKE YOU AWAY FROM YOUR COMFORT HABITUATIONS TO LEAD YOU TO AN EXPRESSION PAINTING WHICH WILL BE YOUR OWN AND PERSONAL.<br>POSSIBILITY OF ACCOMMODATION AT A VERY MODERATE PRICE IN A CHARMING PLACE NEARBY.<\/p>\n\n\n\n<figure class=\"wp-block-image size-full\"><img loading=\"lazy\" decoding=\"async\" width=\"600\" height=\"450\" src=\"https:\/\/nacinovicnadine.com\/wp-content\/uploads\/2022\/05\/Exposition-recente-12-stage-paysage-drome-provencale-2018-animee-par-nadine-nacinovic.webp\" alt=\"Exposition-recente-12-stage-paysage-drome-provencale-2018-animee-par-nadine-nacinovic\" class=\"wp-image-243\" srcset=\"https:\/\/nacinovicnadine.com\/wp-content\/uploads\/2022\/05\/Exposition-recente-12-stage-paysage-drome-provencale-2018-animee-par-nadine-nacinovic.webp 600w, https:\/\/nacinovicnadine.com\/wp-content\/uploads\/2022\/05\/Exposition-recente-12-stage-paysage-drome-provencale-2018-animee-par-nadine-nacinovic-300x225.webp 300w\" sizes=\"auto, (max-width: 600px) 100vw, 600px\" \/><\/figure>\n\n\n\n<hr class=\"wp-block-separator\"\/>\n\n\n\n<p><img loading=\"lazy\" decoding=\"async\" width=\"541\" height=\"720\" class=\"wp-image-244\" style=\"width: 541px;\" src=\"https:\/\/nacinovicnadine.com\/wp-content\/uploads\/2022\/05\/Exposition-recente-13-affiche-printoclock-nacinovic-v1-4.webp\" alt=\"Exposition-recente-13-affiche-printoclock-nacinovic-v1-4\" srcset=\"https:\/\/nacinovicnadine.com\/wp-content\/uploads\/2022\/05\/Exposition-recente-13-affiche-printoclock-nacinovic-v1-4.webp 541w, https:\/\/nacinovicnadine.com\/wp-content\/uploads\/2022\/05\/Exposition-recente-13-affiche-printoclock-nacinovic-v1-4-300x399.webp 300w, https:\/\/nacinovicnadine.com\/wp-content\/uploads\/2022\/05\/Exposition-recente-13-affiche-printoclock-nacinovic-v1-4-225x300.webp 225w\" sizes=\"auto, (max-width: 541px) 100vw, 541px\" \/><\/p>\n\n\n\n<p>Upcoming exhibition at the Maison de la Tour in VALAURIE in the DROME . EXHIBITION OF 30 PAINTINGS FROM FRIDAY 08 NOVEMBER TO 22 DECEMBER 2019.&nbsp;<\/p>\n\n\n\n<hr class=\"wp-block-separator\"\/>\n\n\n\n<p><\/p>\n\n\n\n<p><img loading=\"lazy\" decoding=\"async\" width=\"720\" height=\"720\" class=\"wp-image-245\" style=\"width: 720px;\" src=\"https:\/\/nacinovicnadine.com\/wp-content\/uploads\/2022\/05\/Exposition-recente-14.webp\" alt=\"Exposition-recente-14\" srcset=\"https:\/\/nacinovicnadine.com\/wp-content\/uploads\/2022\/05\/Exposition-recente-14.webp 720w, https:\/\/nacinovicnadine.com\/wp-content\/uploads\/2022\/05\/Exposition-recente-14-300x300.webp 300w, https:\/\/nacinovicnadine.com\/wp-content\/uploads\/2022\/05\/Exposition-recente-14-100x100.webp 100w, https:\/\/nacinovicnadine.com\/wp-content\/uploads\/2022\/05\/Exposition-recente-14-600x600.webp 600w, https:\/\/nacinovicnadine.com\/wp-content\/uploads\/2022\/05\/Exposition-recente-14-150x150.webp 150w\" sizes=\"auto, (max-width: 720px) 100vw, 720px\" \/><\/p>\n\n\n\n<p>Homage to Cezanne, in the quarries of Bibemus. Painting of this autumn 2019.&nbsp;<\/p>\n\n\n\n<p>Next exhibition at the Maison de la Tour in VALAURIE in the DROME . EXHIBITION OF 20 PAINTINGS FROM FRIDAY 08 NOVEMBER TO 22 DECEMBER 2019.&nbsp;<\/p>\n\n\n\n<hr class=\"wp-block-separator\"\/>\n\n\n\n<p><small><br><\/small><\/p>\n\n\n\n<p><img decoding=\"async\" class=\"wp-image-246\" style=\"width: 1200px;\" src=\"https:\/\/nacinovicnadine.com\/wp-content\/uploads\/2022\/05\/Exposition-recente-15-dans-les-carrieres-de-bibemus-automne-2019.webp\" alt=\"Exposition-recente-15-dans-les-carrieres-de-bibemus-automne-2019\"><\/p>\n\n\n\n<p>In the quarries of Bib\u00e9mus.<\/p>\n\n\n\n<p>Tribute to C\u00e9zanne. Autumn 2019.<\/p>\n\n\n\n<p>\u00a0Acrylic on linen canvas. Format 1M\/1M<\/p>","protected":false},"excerpt":{"rendered":"<p>Actualit\u00e9s de l&rsquo;artiste Nadine Nacinovic Nadine Nacinovic \/ artiste peintre professionnelle \/Drome Proven\u00e7ale Bonjour, me voil\u00e0 ravie de vous montrer quelques-unes de mes derni\u00e8res peintures. Et si vous passez par Bruxelles \u00e0 la fin du mois de novembre je vous accueillerai volontiers sur le stand ART3 F ou je serai en exposition&nbsp;du vendredi 26 Novembre&#8230;<\/p>","protected":false},"author":1,"featured_media":0,"parent":0,"menu_order":0,"comment_status":"closed","ping_status":"closed","template":"","meta":{"_kadence_starter_templates_imported_post":false,"_kad_post_transparent":"","_kad_post_title":"","_kad_post_layout":"","_kad_post_sidebar_id":"","_kad_post_content_style":"","_kad_post_vertical_padding":"","_kad_post_feature":"","_kad_post_feature_position":"","_kad_post_header":false,"_kad_post_footer":false,"footnotes":""},"class_list":["post-220","page","type-page","status-publish","hentry"],"_links":{"self":[{"href":"https:\/\/nacinovicnadine.com\/en\/wp-json\/wp\/v2\/pages\/220","targetHints":{"allow":["GET"]}}],"collection":[{"href":"https:\/\/nacinovicnadine.com\/en\/wp-json\/wp\/v2\/pages"}],"about":[{"href":"https:\/\/nacinovicnadine.com\/en\/wp-json\/wp\/v2\/types\/page"}],"author":[{"embeddable":true,"href":"https:\/\/nacinovicnadine.com\/en\/wp-json\/wp\/v2\/users\/1"}],"replies":[{"embeddable":true,"href":"https:\/\/nacinovicnadine.com\/en\/wp-json\/wp\/v2\/comments?post=220"}],"version-history":[{"count":1,"href":"https:\/\/nacinovicnadine.com\/en\/wp-json\/wp\/v2\/pages\/220\/revisions"}],"predecessor-version":[{"id":2188,"href":"https:\/\/nacinovicnadine.com\/en\/wp-json\/wp\/v2\/pages\/220\/revisions\/2188"}],"wp:attachment":[{"href":"https:\/\/nacinovicnadine.com\/en\/wp-json\/wp\/v2\/media?parent=220"}],"curies":[{"name":"wp","href":"https:\/\/api.w.org\/{rel}","templated":true}]}}