{"id":157,"date":"2022-05-07T08:02:39","date_gmt":"2022-05-07T08:02:39","guid":{"rendered":"https:\/\/nacinovicnadine.com\/?page_id=157"},"modified":"2022-05-30T09:18:21","modified_gmt":"2022-05-30T09:18:21","slug":"biographie","status":"publish","type":"page","link":"https:\/\/nacinovicnadine.com\/en\/biographie\/","title":{"rendered":"Biography"},"content":{"rendered":"<style>#kt-layout-id_48ebe1-a3 > .kt-row-column-wrap{align-content:start;}:where(#kt-layout-id_48ebe1-a3 > .kt-row-column-wrap) > .wp-block-kadence-column{justify-content:start;}#kt-layout-id_48ebe1-a3 > .kt-row-column-wrap{column-gap:var(--global-kb-gap-md, 2rem);row-gap:var(--global-kb-gap-md, 2rem);max-width:var( --global-content-width, 1290px );padding-left:var(--global-content-edge-padding);padding-right:var(--global-content-edge-padding);padding-top:var( --global-kb-row-default-top, 25px );padding-bottom:var( --global-kb-row-default-bottom, 25px );padding-top:0px;padding-bottom:50px;grid-template-columns:minmax(0, 1fr);}#kt-layout-id_48ebe1-a3{background-color:rgba(255,174,0,0.04);}#kt-layout-id_48ebe1-a3 > .kt-row-layout-overlay{opacity:0.30;}@media all and (max-width: 1024px){#kt-layout-id_48ebe1-a3 > .kt-row-column-wrap{grid-template-columns:minmax(0, 1fr);}}@media all and (max-width: 767px){#kt-layout-id_48ebe1-a3 > .kt-row-column-wrap{grid-template-columns:minmax(0, 1fr);}}<\/style>\n<div class=\"wp-block-kadence-rowlayout alignfull\"><div id=\"kt-layout-id_48ebe1-a3\" class=\"kt-row-layout-inner kt-row-has-bg kt-layout-id_48ebe1-a3\"><div class=\"kt-row-column-wrap kt-has-1-columns kt-gutter-default kt-v-gutter-default kt-row-valign-top kt-row-layout-equal kt-tab-layout-inherit kt-m-colapse-left-to-right kt-mobile-layout-row kb-theme-content-width\"><style>.kadence-column_520fe6-cd > .kt-inside-inner-col{border-top-width:0px;border-right-width:0px;border-bottom-width:0px;border-left-width:0px;}.kadence-column_520fe6-cd > .kt-inside-inner-col,.kadence-column_520fe6-cd > .kt-inside-inner-col:before{border-top-left-radius:0px;border-top-right-radius:0px;border-bottom-right-radius:0px;border-bottom-left-radius:0px;}.kadence-column_520fe6-cd > .kt-inside-inner-col{column-gap:var(--global-kb-gap-sm, 1rem);}.kadence-column_520fe6-cd > .kt-inside-inner-col{flex-direction:column;}.kadence-column_520fe6-cd > .kt-inside-inner-col > .aligncenter{width:100%;}.kadence-column_520fe6-cd > .kt-inside-inner-col:before{opacity:0.3;}.kadence-column_520fe6-cd{position:relative;}@media all and (max-width: 1024px){.kadence-column_520fe6-cd > .kt-inside-inner-col{flex-direction:column;justify-content:center;}}@media all and (max-width: 767px){.kadence-column_520fe6-cd > .kt-inside-inner-col{flex-direction:column;justify-content:center;}}<\/style>\n<div class=\"wp-block-kadence-column inner-column-1 kadence-column_520fe6-cd\"><div class=\"kt-inside-inner-col\"><nav aria-label=\"breadcrumbs\" class=\"rank-math-breadcrumb\"><p><span class=\"last\">Home<\/span><\/p><\/nav>\n\n\n<style>.wp-block-kadence-advancedheading.kt-adv-heading_205501-71, .wp-block-kadence-advancedheading.kt-adv-heading_205501-71[data-kb-block=\"kb-adv-heading_205501-71\"]{text-align:center;font-style:normal;}.wp-block-kadence-advancedheading.kt-adv-heading_205501-71 mark.kt-highlight, .wp-block-kadence-advancedheading.kt-adv-heading_205501-71[data-kb-block=\"kb-adv-heading_205501-71\"] mark.kt-highlight{font-style:normal;color:#f76a0c;-webkit-box-decoration-break:clone;box-decoration-break:clone;padding-top:0px;padding-right:0px;padding-bottom:0px;padding-left:0px;}<\/style>\n<h1 class=\"kt-adv-heading_205501-71 wp-block-kadence-advancedheading has-theme-palette-6-color has-text-color\" data-kb-block=\"kb-adv-heading_205501-71\">Biography of Nadine Nacinovic<\/h1>\n<\/div><\/div>\n<\/div><\/div><\/div>\n\n\n<style>#kt-layout-id_6cea54-a6 > .kt-row-column-wrap{align-content:start;}:where(#kt-layout-id_6cea54-a6 > .kt-row-column-wrap) > .wp-block-kadence-column{justify-content:start;}#kt-layout-id_6cea54-a6 > .kt-row-column-wrap{column-gap:var(--global-kb-gap-md, 2rem);row-gap:var(--global-kb-gap-md, 2rem);max-width:var( --global-content-width, 1290px );padding-left:var(--global-content-edge-padding);padding-right:var(--global-content-edge-padding);padding-top:var( --global-kb-row-default-top, 25px );padding-bottom:var( --global-kb-row-default-bottom, 25px );padding-top:49px;padding-bottom:0px;grid-template-columns:minmax(0, calc(35% - ((var(--global-kb-gap-md, 2rem) * 1 )\/2)))minmax(0, calc(65% - ((var(--global-kb-gap-md, 2rem) * 1 )\/2)));}#kt-layout-id_6cea54-a6{background-color:rgba(255,174,0,0.04);}#kt-layout-id_6cea54-a6 > .kt-row-layout-overlay{opacity:0.30;}@media all and (max-width: 1024px){#kt-layout-id_6cea54-a6 > .kt-row-column-wrap{grid-template-columns:repeat(2, minmax(0, 1fr));}}@media all and (max-width: 767px){#kt-layout-id_6cea54-a6 > .kt-row-column-wrap{grid-template-columns:minmax(0, 1fr);}}<\/style>\n<div class=\"wp-block-kadence-rowlayout alignfull\"><div id=\"kt-layout-id_6cea54-a6\" class=\"kt-row-layout-inner kt-row-has-bg kt-layout-id_6cea54-a6\"><div class=\"kt-row-column-wrap kt-has-2-columns kt-gutter-default kt-v-gutter-default kt-row-valign-top kt-row-layout-equal kt-tab-layout-inherit kt-m-colapse-left-to-right kt-mobile-layout-row  kt-custom-first-width-35  kt-custom-second-width-65 kb-theme-content-width\"><style>.kadence-column_83b336-bd > .kt-inside-inner-col{border-top-width:0px;border-right-width:0px;border-bottom-width:0px;border-left-width:0px;}.kadence-column_83b336-bd > .kt-inside-inner-col,.kadence-column_83b336-bd > .kt-inside-inner-col:before{border-top-left-radius:0px;border-top-right-radius:0px;border-bottom-right-radius:0px;border-bottom-left-radius:0px;}.kadence-column_83b336-bd > .kt-inside-inner-col{column-gap:var(--global-kb-gap-sm, 1rem);}.kadence-column_83b336-bd > .kt-inside-inner-col{flex-direction:column;}.kadence-column_83b336-bd > .kt-inside-inner-col > .aligncenter{width:100%;}.kadence-column_83b336-bd > .kt-inside-inner-col:before{opacity:0.3;}.kadence-column_83b336-bd{position:relative;}@media all and (max-width: 1024px){.kadence-column_83b336-bd > .kt-inside-inner-col{flex-direction:column;justify-content:center;}}@media all and (max-width: 767px){.kadence-column_83b336-bd > .kt-inside-inner-col{flex-direction:column;justify-content:center;}}<\/style>\n<div class=\"wp-block-kadence-column inner-column-1 kadence-column_83b336-bd\"><div class=\"kt-inside-inner-col\">\n<figure class=\"wp-block-image size-full is-resized\"><img decoding=\"async\" src=\"https:\/\/nacinovicnadine.com\/wp-content\/uploads\/2022\/05\/Nadine-Nacinovic-Portrait-300p.webp\" alt=\"Nadine-Nacinovic-Portrait-300p\" class=\"wp-image-250\" width=\"450\"\/><\/figure>\n<\/div><\/div>\n\n\n<style>.kadence-column_9dbd15-94 > .kt-inside-inner-col{border-top-width:0px;border-right-width:0px;border-bottom-width:0px;border-left-width:0px;}.kadence-column_9dbd15-94 > .kt-inside-inner-col,.kadence-column_9dbd15-94 > .kt-inside-inner-col:before{border-top-left-radius:0px;border-top-right-radius:0px;border-bottom-right-radius:0px;border-bottom-left-radius:0px;}.kadence-column_9dbd15-94 > .kt-inside-inner-col{column-gap:var(--global-kb-gap-sm, 1rem);}.kadence-column_9dbd15-94 > .kt-inside-inner-col{flex-direction:column;}.kadence-column_9dbd15-94 > .kt-inside-inner-col > .aligncenter{width:100%;}.kadence-column_9dbd15-94 > .kt-inside-inner-col:before{opacity:0.3;}.kadence-column_9dbd15-94{position:relative;}@media all and (max-width: 1024px){.kadence-column_9dbd15-94 > .kt-inside-inner-col{flex-direction:column;justify-content:center;}}@media all and (max-width: 767px){.kadence-column_9dbd15-94 > .kt-inside-inner-col{flex-direction:column;justify-content:center;}}<\/style>\n<div class=\"wp-block-kadence-column inner-column-2 kadence-column_9dbd15-94\"><div class=\"kt-inside-inner-col\">\n<p class=\"has-drop-cap has-text-align-left has-text-color\" style=\"color:#4a5568\">Born in Antibes to a Croatian father and an Italian mother, who passed on to me their generosity, sense of sharing and taste for humanity, I draw strength and vitality from my Mediterranean roots.<\/p>\n\n\n\n<p class=\"has-text-color\" style=\"color:#4a5568\">I transpose this positive energy onto my canvases through ample and spontaneous gestures, shaping sincere and lively portraits and bucolic, dynamic landscapes, inviting to reverie, thanks to a very nuanced colour palette.<br><br>I grew up between fields and woods and I feel a strong attraction to nature which nourishes and enchants me with its life force: it is its ever-flowing movement, its colourful harmonies and its changing matter, just like a human state of mind, that I try to capture in my painting.<\/p>\n<\/div><\/div>\n<\/div><\/div><\/div>\n\n\n<style>#kt-layout-id_4cc9ab-91 > .kt-row-column-wrap{align-content:start;}:where(#kt-layout-id_4cc9ab-91 > .kt-row-column-wrap) > .wp-block-kadence-column{justify-content:start;}#kt-layout-id_4cc9ab-91 > .kt-row-column-wrap{column-gap:var(--global-kb-gap-md, 2rem);row-gap:var(--global-kb-gap-md, 2rem);max-width:var( --global-content-width, 1290px );padding-left:var(--global-content-edge-padding);padding-right:var(--global-content-edge-padding);padding-top:var( --global-kb-row-default-top, 25px );padding-bottom:var( --global-kb-row-default-bottom, 25px );padding-top:14px;grid-template-columns:minmax(0, 1fr);}#kt-layout-id_4cc9ab-91{background-color:rgba(255,174,0,0.04);}#kt-layout-id_4cc9ab-91 > .kt-row-layout-overlay{opacity:0.30;}@media all and (max-width: 1024px){#kt-layout-id_4cc9ab-91 > .kt-row-column-wrap{grid-template-columns:minmax(0, 1fr);}}@media all and (max-width: 767px){#kt-layout-id_4cc9ab-91 > .kt-row-column-wrap{grid-template-columns:minmax(0, 1fr);}}<\/style>\n<div class=\"wp-block-kadence-rowlayout alignfull\"><div id=\"kt-layout-id_4cc9ab-91\" class=\"kt-row-layout-inner kt-row-has-bg kt-layout-id_4cc9ab-91\"><div class=\"kt-row-column-wrap kt-has-1-columns kt-gutter-default kt-v-gutter-default kt-row-valign-top kt-row-layout-equal kt-tab-layout-inherit kt-m-colapse-left-to-right kt-mobile-layout-row kb-theme-content-width\"><style>.kadence-column_c921a0-f7 > .kt-inside-inner-col{border-top-width:0px;border-right-width:0px;border-bottom-width:0px;border-left-width:0px;}.kadence-column_c921a0-f7 > .kt-inside-inner-col,.kadence-column_c921a0-f7 > .kt-inside-inner-col:before{border-top-left-radius:0px;border-top-right-radius:0px;border-bottom-right-radius:0px;border-bottom-left-radius:0px;}.kadence-column_c921a0-f7 > .kt-inside-inner-col{column-gap:var(--global-kb-gap-sm, 1rem);}.kadence-column_c921a0-f7 > .kt-inside-inner-col{flex-direction:column;}.kadence-column_c921a0-f7 > .kt-inside-inner-col > .aligncenter{width:100%;}.kadence-column_c921a0-f7 > .kt-inside-inner-col:before{opacity:0.3;}.kadence-column_c921a0-f7{position:relative;}@media all and (max-width: 1024px){.kadence-column_c921a0-f7 > .kt-inside-inner-col{flex-direction:column;justify-content:center;}}@media all and (max-width: 767px){.kadence-column_c921a0-f7 > .kt-inside-inner-col{flex-direction:column;justify-content:center;}}<\/style>\n<div class=\"wp-block-kadence-column inner-column-1 kadence-column_c921a0-f7\"><div class=\"kt-inside-inner-col\">\n<p class=\"has-text-color\" style=\"color:#4a5568\">Very early on, I was fascinated by art and worked at the Picasso Museum in Antibes, then at the Renoir Museum in Cagnes-sur-Mer.<\/p>\n\n\n\n<p class=\"has-text-color\" style=\"color:#4a5568\">I confirmed my taste for painting by exploring the museums of the C\u00f4te d'Azur, in particular the Maeght foundation, which allowed me to refine my pictorial tastes and desires. I am lucky enough to have already exhibited my paintings in various places such as St Paul de Vence or the castle of Cagnes-sur-Mer.<\/p>\n\n\n\n<p class=\"has-text-color\" style=\"color:#4a5568\">Driven by a need to discover more and more artists, sensitivities, and forms of pictorial expression, I moved my brushes to Lyon to attend a fine arts course in painting from 1986 to 1991. There I met two painter friends, Naima and H\u00e9l\u00e8ne, with whom I became friends and set up an association, \"Les Abeilles\" (in homage to the Montparnasse beehive), which enabled us to spread our colourful energy and our desire to share our artistic fervour between Lyon, Paris and the Dr\u00f4me for almost 10 years. Art is our daily life, it has to penetrate in the one of the others, to go to their meeting: we make body with our painting to realize living pictures on very big canvases, set up artistic performances, realize monumental sculptures. Wherever possible, and especially where it is not expected, we introduce forms and colours into the urban space to sow a little magic and create conviviality.<\/p>\n\n\n\n<p class=\"has-text-color\" style=\"color:#4a5568\">In 1998, my move to the Dr\u00f4me invites me to refocus on my family, in particular on my children Ulysse and Natacha, and allows me to work in harmony with nature, which I find at the door of my studio, installed in an old sheepfold. It is in this region, practised in my first years of work, that I pass from paper to canvas, and from the opaque sensuality of gouache to the luminous explosion of acrylic, which forces me to redefine my palette to find the emotions of painting outdoors. Until then, I had been a painter of browns, greens and browns, but now I am turning to a range of warmer colours, some would say fawns.<br><br>My studio, I have arranged it in my image: feminine and harmonious. Conviviality rhymes with calm and pleasure, I paint, exhibit and organise workshops and painting courses, sometimes with renowned painters.<\/p>\n<\/div><\/div>\n<\/div><\/div><\/div>\n\n\n<style>#kt-layout-id_7ec860-56 > .kt-row-column-wrap{align-content:start;}:where(#kt-layout-id_7ec860-56 > .kt-row-column-wrap) > .wp-block-kadence-column{justify-content:start;}#kt-layout-id_7ec860-56 > .kt-row-column-wrap{column-gap:var(--global-kb-gap-md, 2rem);row-gap:var(--global-kb-gap-md, 2rem);max-width:var( --global-content-width, 1290px );padding-left:var(--global-content-edge-padding);padding-right:var(--global-content-edge-padding);padding-top:var( --global-kb-row-default-top, 25px );padding-bottom:var( --global-kb-row-default-bottom, 25px );padding-top:var(--global-kb-spacing-sm, 1.5rem);padding-bottom:var(--global-kb-spacing-sm, 1.5rem);grid-template-columns:repeat(2, minmax(0, 1fr));}#kt-layout-id_7ec860-56{background-color:rgba(255,174,0,0.04);}#kt-layout-id_7ec860-56 > .kt-row-layout-overlay{opacity:0.30;}@media all and (max-width: 1024px){#kt-layout-id_7ec860-56 > .kt-row-column-wrap{grid-template-columns:repeat(2, minmax(0, 1fr));}}@media all and (max-width: 767px){#kt-layout-id_7ec860-56 > .kt-row-column-wrap{grid-template-columns:minmax(0, 1fr);}}<\/style>\n<div class=\"wp-block-kadence-rowlayout alignfull\"><div id=\"kt-layout-id_7ec860-56\" class=\"kt-row-layout-inner kt-row-has-bg kt-layout-id_7ec860-56\"><div class=\"kt-row-column-wrap kt-has-2-columns kt-gutter-default kt-v-gutter-default kt-row-valign-top kt-row-layout-equal kt-tab-layout-inherit kt-m-colapse-left-to-right kt-mobile-layout-row kb-theme-content-width\"><style>.kadence-column_9d2155-fb > .kt-inside-inner-col{border-top-width:0px;border-right-width:0px;border-bottom-width:0px;border-left-width:0px;}.kadence-column_9d2155-fb > .kt-inside-inner-col,.kadence-column_9d2155-fb > .kt-inside-inner-col:before{border-top-left-radius:0px;border-top-right-radius:0px;border-bottom-right-radius:0px;border-bottom-left-radius:0px;}.kadence-column_9d2155-fb > .kt-inside-inner-col{column-gap:var(--global-kb-gap-sm, 1rem);}.kadence-column_9d2155-fb > .kt-inside-inner-col{flex-direction:column;}.kadence-column_9d2155-fb > .kt-inside-inner-col > .aligncenter{width:100%;}.kadence-column_9d2155-fb > .kt-inside-inner-col:before{opacity:0.3;}.kadence-column_9d2155-fb{position:relative;}@media all and (max-width: 1024px){.kadence-column_9d2155-fb > .kt-inside-inner-col{flex-direction:column;justify-content:center;}}@media all and (max-width: 767px){.kadence-column_9d2155-fb > .kt-inside-inner-col{flex-direction:column;justify-content:center;}}<\/style>\n<div class=\"wp-block-kadence-column inner-column-1 kadence-column_9d2155-fb\"><div class=\"kt-inside-inner-col\"><style>.wp-block-kadence-advancedheading.kt-adv-heading_e62c17-6b, .wp-block-kadence-advancedheading.kt-adv-heading_e62c17-6b[data-kb-block=\"kb-adv-heading_e62c17-6b\"]{font-style:normal;color:#4a5568;}.wp-block-kadence-advancedheading.kt-adv-heading_e62c17-6b mark.kt-highlight, .wp-block-kadence-advancedheading.kt-adv-heading_e62c17-6b[data-kb-block=\"kb-adv-heading_e62c17-6b\"] mark.kt-highlight{font-style:normal;color:#f76a0c;-webkit-box-decoration-break:clone;box-decoration-break:clone;padding-top:0px;padding-right:0px;padding-bottom:0px;padding-left:0px;}<\/style>\n<p class=\"kt-adv-heading_e62c17-6b wp-block-kadence-advancedheading\" data-kb-block=\"kb-adv-heading_e62c17-6b\">Sharing my painting space in this way allows me to provoke encounters from which I am enriched. This taste for others and for sharing led me to take a course in art therapy in 2000. During this new stage marked by a certain artistic maturity, I distribute my time between training courses, exhibitions (Valaurie, Dieulefit, Po\u00ebt-Laval, Mont\u00e9limar, the N\u00e9gresco, the Ch\u00e2teau du Po\u00ebt-Laval, etc.), residences or artistic interventions, and actions for the Fondation Caisse d'\u00e9pargne pour la solidarit\u00e9 or for the Fondation Abb\u00e9 Pierre.<\/p>\n<\/div><\/div>\n\n\n<style>.kadence-column_c9251c-40 > .kt-inside-inner-col{border-top-width:0px;border-right-width:0px;border-bottom-width:0px;border-left-width:0px;}.kadence-column_c9251c-40 > .kt-inside-inner-col,.kadence-column_c9251c-40 > .kt-inside-inner-col:before{border-top-left-radius:0px;border-top-right-radius:0px;border-bottom-right-radius:0px;border-bottom-left-radius:0px;}.kadence-column_c9251c-40 > .kt-inside-inner-col{column-gap:var(--global-kb-gap-sm, 1rem);}.kadence-column_c9251c-40 > .kt-inside-inner-col{flex-direction:column;}.kadence-column_c9251c-40 > .kt-inside-inner-col > .aligncenter{width:100%;}.kadence-column_c9251c-40 > .kt-inside-inner-col:before{opacity:0.3;}.kadence-column_c9251c-40{position:relative;}@media all and (max-width: 1024px){.kadence-column_c9251c-40 > .kt-inside-inner-col{flex-direction:column;justify-content:center;}}@media all and (max-width: 767px){.kadence-column_c9251c-40 > .kt-inside-inner-col{flex-direction:column;justify-content:center;}}<\/style>\n<div class=\"wp-block-kadence-column inner-column-2 kadence-column_c9251c-40\"><div class=\"kt-inside-inner-col\"><style>.kb-image_23b661-09 .kb-image-has-overlay:after{opacity:0.3;}<\/style>\n<figure class=\"wp-block-kadence-image kb-image_23b661-09 size-full\"><img loading=\"lazy\" decoding=\"async\" width=\"300\" height=\"227\" src=\"https:\/\/nacinovicnadine.com\/wp-content\/uploads\/2022\/05\/photo-nadine-300p.webp\" alt=\"Nadine Nacinovic\" class=\"kb-img wp-image-251\"\/><\/figure>\n<\/div><\/div>\n<\/div><\/div><\/div>\n\n\n<style>#kt-layout-id_202d16-3a > .kt-row-column-wrap{align-content:start;}:where(#kt-layout-id_202d16-3a > .kt-row-column-wrap) > .wp-block-kadence-column{justify-content:start;}#kt-layout-id_202d16-3a > .kt-row-column-wrap{column-gap:var(--global-kb-gap-md, 2rem);row-gap:var(--global-kb-gap-md, 2rem);max-width:var( --global-content-width, 1290px );padding-left:var(--global-content-edge-padding);padding-right:var(--global-content-edge-padding);padding-top:var( --global-kb-row-default-top, 25px );padding-bottom:var( --global-kb-row-default-bottom, 25px );padding-bottom:80px;grid-template-columns:minmax(0, 1fr);}#kt-layout-id_202d16-3a{background-color:rgba(255,174,0,0.04);}#kt-layout-id_202d16-3a > .kt-row-layout-overlay{opacity:0.30;}@media all and (max-width: 1024px){#kt-layout-id_202d16-3a > .kt-row-column-wrap{grid-template-columns:minmax(0, 1fr);}}@media all and (max-width: 767px){#kt-layout-id_202d16-3a > .kt-row-column-wrap{grid-template-columns:minmax(0, 1fr);}}<\/style>\n<div class=\"wp-block-kadence-rowlayout alignfull\"><div id=\"kt-layout-id_202d16-3a\" class=\"kt-row-layout-inner kt-row-has-bg kt-layout-id_202d16-3a\"><div class=\"kt-row-column-wrap kt-has-1-columns kt-gutter-default kt-v-gutter-default kt-row-valign-top kt-row-layout-equal kt-tab-layout-inherit kt-m-colapse-left-to-right kt-mobile-layout-row kb-theme-content-width\"><style>.kadence-column_4734d3-4a > .kt-inside-inner-col{border-top-width:0px;border-right-width:0px;border-bottom-width:0px;border-left-width:0px;}.kadence-column_4734d3-4a > .kt-inside-inner-col,.kadence-column_4734d3-4a > .kt-inside-inner-col:before{border-top-left-radius:0px;border-top-right-radius:0px;border-bottom-right-radius:0px;border-bottom-left-radius:0px;}.kadence-column_4734d3-4a > .kt-inside-inner-col{column-gap:var(--global-kb-gap-sm, 1rem);}.kadence-column_4734d3-4a > .kt-inside-inner-col{flex-direction:column;}.kadence-column_4734d3-4a > .kt-inside-inner-col > .aligncenter{width:100%;}.kadence-column_4734d3-4a > .kt-inside-inner-col:before{opacity:0.3;}.kadence-column_4734d3-4a{position:relative;}@media all and (max-width: 1024px){.kadence-column_4734d3-4a > .kt-inside-inner-col{flex-direction:column;justify-content:center;}}@media all and (max-width: 767px){.kadence-column_4734d3-4a > .kt-inside-inner-col{flex-direction:column;justify-content:center;}}<\/style>\n<div class=\"wp-block-kadence-column inner-column-1 kadence-column_4734d3-4a\"><div class=\"kt-inside-inner-col\"><style>.wp-block-kadence-advancedheading.kt-adv-heading_637dd6-f4, .wp-block-kadence-advancedheading.kt-adv-heading_637dd6-f4[data-kb-block=\"kb-adv-heading_637dd6-f4\"]{font-style:normal;color:#4a5568;}.wp-block-kadence-advancedheading.kt-adv-heading_637dd6-f4 mark.kt-highlight, .wp-block-kadence-advancedheading.kt-adv-heading_637dd6-f4[data-kb-block=\"kb-adv-heading_637dd6-f4\"] mark.kt-highlight{font-style:normal;color:#f76a0c;-webkit-box-decoration-break:clone;box-decoration-break:clone;padding-top:0px;padding-right:0px;padding-bottom:0px;padding-left:0px;}<\/style>\n<p class=\"kt-adv-heading_637dd6-f4 wp-block-kadence-advancedheading\" data-kb-block=\"kb-adv-heading_637dd6-f4\">Always on the move, ready to take up challenges, I like to surprise and let myself be surprised by unexpected and varied projects, such as being part of the artistic caravan of the Babel Caucasus project, ephemerally transforming a square in the historic centre of Naples, or painting a caravan for the La Bizz art nomade festival. For me, art enchants life and, by being present to the world, allows us to look at what surrounds us with wonder every day and to reconnect with the pure energy of the child. Letting myself be guided by my brush, itself carried by an emotion, a feeling, when faced with a model posing or a landscape with contrasting colours, I draw inspiration from my daily life to create a mixture of bright and voluptuous colours. The painting I propose is spontaneous, lively, human, free from the perfect line or an irreproachable technique. Projecting a sincere emotion in my paintings, I invite the viewer to be carried away by his own emotion, to finally find a kind of truth. Today, having reached a turning point in my life, having reached pictorial maturity, I am once again searching, and trying to free myself from a certain number of commitments to better find myself.<br><br>Who knows what this next step will bring?<\/p>\n<\/div><\/div>\n<\/div><\/div><\/div>\n\n\n\n<p><\/p>","protected":false},"excerpt":{"rendered":"<p>Biographie de Nadine Nacinovic N\u00e9e \u00e0 Antibes d\u2019un p\u00e8re croate et d\u2019une m\u00e8re italienne, qui m\u2019ont transmis leur g\u00e9n\u00e9rosit\u00e9, le sens du partage et le go\u00fbt de l\u2019humain, je puise dans mes racines m\u00e9diterran\u00e9ennes force et vitalit\u00e9. Cette \u00e9nergie positive, je la transpose sur mes toiles par des gestes amples et spontan\u00e9s, fa\u00e7onnant gr\u00e2ce \u00e0&#8230;<\/p>","protected":false},"author":1,"featured_media":0,"parent":0,"menu_order":0,"comment_status":"closed","ping_status":"closed","template":"","meta":{"_kadence_starter_templates_imported_post":false,"_kad_post_transparent":"","_kad_post_title":"","_kad_post_layout":"","_kad_post_sidebar_id":"","_kad_post_content_style":"","_kad_post_vertical_padding":"","_kad_post_feature":"","_kad_post_feature_position":"","_kad_post_header":false,"_kad_post_footer":false,"footnotes":""},"class_list":["post-157","page","type-page","status-publish","hentry"],"_links":{"self":[{"href":"https:\/\/nacinovicnadine.com\/en\/wp-json\/wp\/v2\/pages\/157","targetHints":{"allow":["GET"]}}],"collection":[{"href":"https:\/\/nacinovicnadine.com\/en\/wp-json\/wp\/v2\/pages"}],"about":[{"href":"https:\/\/nacinovicnadine.com\/en\/wp-json\/wp\/v2\/types\/page"}],"author":[{"embeddable":true,"href":"https:\/\/nacinovicnadine.com\/en\/wp-json\/wp\/v2\/users\/1"}],"replies":[{"embeddable":true,"href":"https:\/\/nacinovicnadine.com\/en\/wp-json\/wp\/v2\/comments?post=157"}],"version-history":[{"count":0,"href":"https:\/\/nacinovicnadine.com\/en\/wp-json\/wp\/v2\/pages\/157\/revisions"}],"wp:attachment":[{"href":"https:\/\/nacinovicnadine.com\/en\/wp-json\/wp\/v2\/media?parent=157"}],"curies":[{"name":"wp","href":"https:\/\/api.w.org\/{rel}","templated":true}]}}