{"id":1051,"date":"2022-05-14T08:25:59","date_gmt":"2022-05-14T08:25:59","guid":{"rendered":"https:\/\/nacinovicnadine.com\/?page_id=1051"},"modified":"2022-05-26T10:49:48","modified_gmt":"2022-05-26T10:49:48","slug":"cours","status":"publish","type":"page","link":"https:\/\/nacinovicnadine.com\/en\/cours\/","title":{"rendered":"Course"},"content":{"rendered":"<style>#kt-layout-id_334431-ee > .kt-row-column-wrap{align-content:start;}:where(#kt-layout-id_334431-ee > .kt-row-column-wrap) > .wp-block-kadence-column{justify-content:start;}#kt-layout-id_334431-ee > .kt-row-column-wrap{column-gap:var(--global-kb-gap-md, 2rem);row-gap:var(--global-kb-gap-md, 2rem);max-width:var( --global-content-width, 1290px );padding-left:var(--global-content-edge-padding);padding-right:var(--global-content-edge-padding);padding-top:var( --global-kb-row-default-top, 25px );padding-bottom:var( --global-kb-row-default-bottom, 25px );padding-top:0px;padding-bottom:0px;grid-template-columns:minmax(0, 1fr);}#kt-layout-id_334431-ee{background-color:rgba(255,174,0,0.04);}#kt-layout-id_334431-ee > .kt-row-layout-overlay{opacity:0.30;}@media all and (max-width: 1024px){#kt-layout-id_334431-ee > .kt-row-column-wrap{grid-template-columns:minmax(0, 1fr);}}@media all and (max-width: 767px){#kt-layout-id_334431-ee > .kt-row-column-wrap{grid-template-columns:minmax(0, 1fr);}}<\/style>\n<div class=\"wp-block-kadence-rowlayout alignfull\"><div id=\"kt-layout-id_334431-ee\" class=\"kt-row-layout-inner kt-row-has-bg kt-layout-id_334431-ee\"><div class=\"kt-row-column-wrap kt-has-1-columns kt-gutter-default kt-v-gutter-default kt-row-valign-top kt-row-layout-equal kt-tab-layout-inherit kt-m-colapse-left-to-right kt-mobile-layout-row kb-theme-content-width\"><style>.kadence-column_ce33ad-88 > .kt-inside-inner-col{border-top-width:0px;border-right-width:0px;border-bottom-width:0px;border-left-width:0px;}.kadence-column_ce33ad-88 > .kt-inside-inner-col,.kadence-column_ce33ad-88 > .kt-inside-inner-col:before{border-top-left-radius:0px;border-top-right-radius:0px;border-bottom-right-radius:0px;border-bottom-left-radius:0px;}.kadence-column_ce33ad-88 > .kt-inside-inner-col{column-gap:var(--global-kb-gap-sm, 1rem);}.kadence-column_ce33ad-88 > .kt-inside-inner-col{flex-direction:column;}.kadence-column_ce33ad-88 > .kt-inside-inner-col > .aligncenter{width:100%;}.kadence-column_ce33ad-88 > .kt-inside-inner-col:before{opacity:0.3;}.kadence-column_ce33ad-88{position:relative;}@media all and (max-width: 1024px){.kadence-column_ce33ad-88 > .kt-inside-inner-col{flex-direction:column;justify-content:center;}}@media all and (max-width: 767px){.kadence-column_ce33ad-88 > .kt-inside-inner-col{flex-direction:column;justify-content:center;}}<\/style>\n<div class=\"wp-block-kadence-column inner-column-1 kadence-column_ce33ad-88\"><div class=\"kt-inside-inner-col\"><nav aria-label=\"breadcrumbs\" class=\"rank-math-breadcrumb\"><p><span class=\"last\">Home<\/span><\/p><\/nav>\n\n\n<style>.wp-block-kadence-advancedheading.kt-adv-heading_9a6e96-bf, .wp-block-kadence-advancedheading.kt-adv-heading_9a6e96-bf[data-kb-block=\"kb-adv-heading_9a6e96-bf\"]{text-align:center;font-style:normal;}.wp-block-kadence-advancedheading.kt-adv-heading_9a6e96-bf mark.kt-highlight, .wp-block-kadence-advancedheading.kt-adv-heading_9a6e96-bf[data-kb-block=\"kb-adv-heading_9a6e96-bf\"] mark.kt-highlight{font-style:normal;color:#f76a0c;-webkit-box-decoration-break:clone;box-decoration-break:clone;padding-top:0px;padding-right:0px;padding-bottom:0px;padding-left:0px;}<\/style>\n<h1 class=\"kt-adv-heading_9a6e96-bf wp-block-kadence-advancedheading has-theme-palette-6-color has-text-color\" data-kb-block=\"kb-adv-heading_9a6e96-bf\">Course<\/h1>\n\n\n\n<p>Price: 50\u20ac per session (material included, excluding canvas)<br>+40\u20ac frais d\u2019inscription pour l\u2019ann\u00e9e.<\/p>\n\n\n\n<p>Schedule: 9.30am to 5.30pm<\/p>\n\n\n\n<p>Themes are given on one or two Wednesdays.<br>Mainly a workshop on painting, materials, collage and artistic expression.<br>The courses are designed to allow people of all levels (beginner\/advanced) to work together.<br>Shared picnic lunch.<\/p>\n<\/div><\/div>\n<\/div><\/div><\/div>\n\n\n<style>#kt-layout-id_80b01c-43 > .kt-row-column-wrap{align-content:start;}:where(#kt-layout-id_80b01c-43 > .kt-row-column-wrap) > .wp-block-kadence-column{justify-content:start;}#kt-layout-id_80b01c-43 > .kt-row-column-wrap{column-gap:80px;row-gap:var(--global-kb-gap-md, 2rem);max-width:var( --global-content-width, 1290px );padding-left:var(--global-content-edge-padding);padding-right:var(--global-content-edge-padding);padding-top:var( --global-kb-row-default-top, 25px );padding-bottom:var( --global-kb-row-default-bottom, 25px );padding-top:80px;padding-bottom:80px;grid-template-columns:repeat(2, minmax(0, 1fr));}#kt-layout-id_80b01c-43{background-color:rgba(255,174,0,0.04);}#kt-layout-id_80b01c-43 > .kt-row-layout-overlay{opacity:0.30;}@media all and (max-width: 1024px){#kt-layout-id_80b01c-43 > .kt-row-column-wrap{grid-template-columns:repeat(2, minmax(0, 1fr));}}@media all and (max-width: 767px){#kt-layout-id_80b01c-43 > .kt-row-column-wrap{grid-template-columns:minmax(0, 1fr);}}<\/style>\n<div class=\"wp-block-kadence-rowlayout alignfull\"><div id=\"kt-layout-id_80b01c-43\" class=\"kt-row-layout-inner kt-row-has-bg kt-layout-id_80b01c-43\"><div class=\"kt-row-column-wrap kt-has-2-columns kt-gutter-widest kt-v-gutter-default kt-row-valign-top kt-row-layout-equal kt-tab-layout-inherit kt-m-colapse-left-to-right kt-mobile-layout-row kb-theme-content-width\"><style>.kadence-column_4285b6-fa > .kt-inside-inner-col{border-top-width:0px;border-right-width:0px;border-bottom-width:0px;border-left-width:0px;}.kadence-column_4285b6-fa > .kt-inside-inner-col,.kadence-column_4285b6-fa > .kt-inside-inner-col:before{border-top-left-radius:0px;border-top-right-radius:0px;border-bottom-right-radius:0px;border-bottom-left-radius:0px;}.kadence-column_4285b6-fa > .kt-inside-inner-col{column-gap:var(--global-kb-gap-sm, 1rem);}.kadence-column_4285b6-fa > .kt-inside-inner-col{flex-direction:column;}.kadence-column_4285b6-fa > .kt-inside-inner-col > .aligncenter{width:100%;}.kadence-column_4285b6-fa > .kt-inside-inner-col:before{opacity:0.3;}.kadence-column_4285b6-fa{position:relative;}@media all and (max-width: 1024px){.kadence-column_4285b6-fa > .kt-inside-inner-col{flex-direction:column;justify-content:center;}}@media all and (max-width: 767px){.kadence-column_4285b6-fa > .kt-inside-inner-col{flex-direction:column;justify-content:center;}}<\/style>\n<div class=\"wp-block-kadence-column inner-column-1 kadence-column_4285b6-fa\"><div class=\"kt-inside-inner-col\"><style>.wp-block-kadence-advancedheading.kt-adv-heading_0818fa-ff, .wp-block-kadence-advancedheading.kt-adv-heading_0818fa-ff[data-kb-block=\"kb-adv-heading_0818fa-ff\"]{font-size:36px;font-weight:300;font-style:normal;}.wp-block-kadence-advancedheading.kt-adv-heading_0818fa-ff mark.kt-highlight, .wp-block-kadence-advancedheading.kt-adv-heading_0818fa-ff[data-kb-block=\"kb-adv-heading_0818fa-ff\"] mark.kt-highlight{font-style:normal;color:#f76a0c;-webkit-box-decoration-break:clone;box-decoration-break:clone;padding-top:0px;padding-right:0px;padding-bottom:0px;padding-left:0px;}<\/style>\n<h2 class=\"kt-adv-heading_0818fa-ff wp-block-kadence-advancedheading\" data-kb-block=\"kb-adv-heading_0818fa-ff\">Registration<\/h2>\n\n\n<style>.kadence-form-_afc0ac-0f .kb-form .kadence-blocks-form-field{margin-bottom:30px;}.kadence-form-_afc0ac-0f .kb-form .kadence-blocks-form-field .kb-text-style-field, .kadence-form-_afc0ac-0f .kb-form .kadence-blocks-form-field .kb-select-style-field{border-width:0.5px 0.5px 0.5px 0.5px;border-color:var(--global-palette6, #718096);}.kadence-form-_afc0ac-0f .kb-form .kadence-blocks-form-field .kb-forms-submit{font-size:16px;letter-spacing:1.5px;text-transform:uppercase;}.kb-form input.kadence-blocks-field.verify{opacity:0.0;position:absolute;top:0.0;left:0.0;width:0.0;height:0.0;z-index:-1;}<\/style>\n<div class=\"wp-block-kadence-form kadence-form-_afc0ac-0f kb-form-wrap\"><form class=\"kb-form\" action=\"\" method=\"post\" data-trp-original-action=\"\"><div class=\"kadence-blocks-form-field kb-field-desk-width-100 kb-input-size-standard\"><label for=\"kb_field__afc0ac-0f_0\">Name<span class=\"required\">*<\/span><\/label><input name=\"kb_field_0\" id=\"kb_field__afc0ac-0f_0\" data-label=\"Nom\" type=\"text\" placeholder=\"Name\" value=\"\" data-type=\"text\" class=\"kb-field kb-text-style-field kb-text-field kb-field-0\" data-required=\"yes\"\/><\/div><div class=\"kadence-blocks-form-field kb-form-field-1 kb-field-desk-width-100 kb-input-size-standard\"><label for=\"kb_field__afc0ac-0f_1\">Date of the course<span class=\"required\">*<\/span><\/label><input name=\"kb_field_1\" id=\"kb_field__afc0ac-0f_1\" data-label=\"Date du stage\" type=\"text\" placeholder=\"Date of the course\" value=\"\" data-type=\"text\" class=\"kb-field kb-text-style-field kb-text-field kb-field-1\" data-required=\"yes\"\/><\/div><div class=\"kadence-blocks-form-field kb-form-field-2 kb-field-desk-width-100 kb-input-size-standard\"><label for=\"kb_field__afc0ac-0f_2\">E-mail<span class=\"required\">*<\/span><\/label><input name=\"kb_field_2\" id=\"kb_field__afc0ac-0f_2\" data-label=\"E-mail\" type=\"email\" placeholder=\"E-mail\" value=\"\" data-type=\"email\" class=\"kb-field kb-text-style-field kb-email-field kb-field-2\" data-required=\"yes\"\/><\/div><div class=\"kadence-blocks-form-field kb-form-field-3 kb-field-desk-width-100 kb-input-size-standard\"><label for=\"kb_field__afc0ac-0f_3\">Message<span class=\"required\">*<\/span><\/label><textarea name=\"kb_field_3\" id=\"kb_field__afc0ac-0f_3\" data-label=\"Message\" type=\"textarea\" placeholder=\"Message\" data-type=\"textarea\" class=\"kb-field kb-text-style-field kb-textarea-field kb-field-3\" rows=\"4\" data-required=\"yes\"><\/textarea><\/div><input type=\"hidden\" name=\"_kb_form_id\" value=\"_afc0ac-0f\"\/><input type=\"hidden\" name=\"_kb_form_post_id\" value=\"1051\"\/><input type=\"hidden\" name=\"action\" value=\"kb_process_ajax_submit\"\/><label class=\"kadence-verify-label\">E-mail<input class=\"kadence-blocks-field verify\" type=\"text\" name=\"_kb_verify_email\" autocomplete=\"new-password\" aria-hidden=\"true\" placeholder=\"E-mail\" tabindex=\"-1\" data-1p-ignore=\"true\" data-lpignore=\"true\" \/><\/label><div class=\"kadence-blocks-form-field kb-submit-field kb-field-desk-width-100\"><button class=\"kb-forms-submit button kb-button-size-standard kb-button-width-auto\">Send<\/button><\/div><input type=\"hidden\" name=\"trp-form-language\" value=\"en\"\/><\/form><\/div>\n<noscript><div class=\"kadence-blocks-form-message kadence-blocks-form-warning\">Please enable JavaScript in your browser to submit the form<\/div><style>.kadence-form-_afc0ac-0f .kadence-blocks-form-field.kb-submit-field { display: none; }<\/style><\/noscript><\/div><\/div>\n\n\n<style>.kadence-column_1c5eeb-fa > .kt-inside-inner-col{border-top-width:0px;border-right-width:0px;border-bottom-width:0px;border-left-width:0px;}.kadence-column_1c5eeb-fa > .kt-inside-inner-col,.kadence-column_1c5eeb-fa > .kt-inside-inner-col:before{border-top-left-radius:0px;border-top-right-radius:0px;border-bottom-right-radius:0px;border-bottom-left-radius:0px;}.kadence-column_1c5eeb-fa > .kt-inside-inner-col{column-gap:var(--global-kb-gap-sm, 1rem);}.kadence-column_1c5eeb-fa > .kt-inside-inner-col{flex-direction:column;}.kadence-column_1c5eeb-fa > .kt-inside-inner-col > .aligncenter{width:100%;}.kadence-column_1c5eeb-fa > .kt-inside-inner-col:before{opacity:0.3;}.kadence-column_1c5eeb-fa{position:relative;}@media all and (max-width: 1024px){.kadence-column_1c5eeb-fa > .kt-inside-inner-col{flex-direction:column;justify-content:center;}}@media all and (max-width: 767px){.kadence-column_1c5eeb-fa > .kt-inside-inner-col{flex-direction:column;justify-content:center;}}<\/style>\n<div class=\"wp-block-kadence-column inner-column-2 kadence-column_1c5eeb-fa\"><div class=\"kt-inside-inner-col\"><style>.wp-block-kadence-image.kb-image_dbc21a-30:not(.kb-specificity-added):not(.kb-extra-specificity-added){margin-top:140px;}.kb-image_dbc21a-30.kb-image-is-ratio-size, .kb-image_dbc21a-30 .kb-image-is-ratio-size{max-width:542px;width:100%;}.wp-block-kadence-column > .kt-inside-inner-col > .kb-image_dbc21a-30.kb-image-is-ratio-size, .wp-block-kadence-column > .kt-inside-inner-col > .kb-image_dbc21a-30 .kb-image-is-ratio-size{align-self:unset;}.kb-image_dbc21a-30 figure{max-width:542px;}.kb-image_dbc21a-30 .image-is-svg, .kb-image_dbc21a-30 .image-is-svg img{width:100%;}.kb-image_dbc21a-30 .kb-image-has-overlay:after{opacity:0.3;}.kb-image_dbc21a-30 img.kb-img, .kb-image_dbc21a-30 .kb-img img{box-shadow:8px 8px 14px 0px rgba(0, 0, 0, 0.4);}<\/style>\n<div class=\"wp-block-kadence-image kb-image_dbc21a-30\"><figure class=\"aligncenter size-full\"><img loading=\"lazy\" decoding=\"async\" width=\"1024\" height=\"768\" src=\"https:\/\/nacinovicnadine.com\/wp-content\/uploads\/2022\/05\/Stage-atelier-01-1.webp\" alt=\"Stage atelier 01\" class=\"kb-img wp-image-1067\" srcset=\"https:\/\/nacinovicnadine.com\/wp-content\/uploads\/2022\/05\/Stage-atelier-01-1.webp 1024w, https:\/\/nacinovicnadine.com\/wp-content\/uploads\/2022\/05\/Stage-atelier-01-1-300x225.webp 300w, https:\/\/nacinovicnadine.com\/wp-content\/uploads\/2022\/05\/Stage-atelier-01-1-600x450.webp 600w, https:\/\/nacinovicnadine.com\/wp-content\/uploads\/2022\/05\/Stage-atelier-01-1-768x576.webp 768w\" sizes=\"auto, (max-width: 1024px) 100vw, 1024px\" \/><\/figure><\/div>\n<\/div><\/div>\n<\/div><\/div><\/div>","protected":false},"excerpt":{"rendered":"<p>Cours Tarif : 50\u20ac la s\u00e9ance (mat\u00e9riel inclus hors toiles)+40\u20ac frais d\u2019inscription pour l\u2019ann\u00e9e. Horaire : 9h30 \u00e0 17h30 Des th\u00e8mes sont donn\u00e9s sur un ou deux mercredis.Essentiellement atelier de peinture, mati\u00e8re, collage et expression artistique.Les cours sont con\u00e7us pour permettre \u00e0 des personnes de tous niveaux (d\u00e9butant\/confirm\u00e9) de travailler ensemble.Pique-nique partag\u00e9 le midi. Inscription<\/p>","protected":false},"author":1,"featured_media":0,"parent":0,"menu_order":0,"comment_status":"closed","ping_status":"closed","template":"","meta":{"_kadence_starter_templates_imported_post":false,"_kad_post_transparent":"","_kad_post_title":"","_kad_post_layout":"","_kad_post_sidebar_id":"","_kad_post_content_style":"","_kad_post_vertical_padding":"","_kad_post_feature":"","_kad_post_feature_position":"","_kad_post_header":false,"_kad_post_footer":false,"footnotes":""},"class_list":["post-1051","page","type-page","status-publish","hentry"],"_links":{"self":[{"href":"https:\/\/nacinovicnadine.com\/en\/wp-json\/wp\/v2\/pages\/1051","targetHints":{"allow":["GET"]}}],"collection":[{"href":"https:\/\/nacinovicnadine.com\/en\/wp-json\/wp\/v2\/pages"}],"about":[{"href":"https:\/\/nacinovicnadine.com\/en\/wp-json\/wp\/v2\/types\/page"}],"author":[{"embeddable":true,"href":"https:\/\/nacinovicnadine.com\/en\/wp-json\/wp\/v2\/users\/1"}],"replies":[{"embeddable":true,"href":"https:\/\/nacinovicnadine.com\/en\/wp-json\/wp\/v2\/comments?post=1051"}],"version-history":[{"count":0,"href":"https:\/\/nacinovicnadine.com\/en\/wp-json\/wp\/v2\/pages\/1051\/revisions"}],"wp:attachment":[{"href":"https:\/\/nacinovicnadine.com\/en\/wp-json\/wp\/v2\/media?parent=1051"}],"curies":[{"name":"wp","href":"https:\/\/api.w.org\/{rel}","templated":true}]}}